{"id":13156,"date":"2026-03-31T08:12:53","date_gmt":"2026-03-31T08:12:53","guid":{"rendered":"https:\/\/thesweetseria.com\/?post_type=product&#038;p=13156"},"modified":"2026-04-06T21:10:43","modified_gmt":"2026-04-06T21:10:43","slug":"nommi-loveliness-never-ends-series-blind-box","status":"publish","type":"product","link":"https:\/\/thesweetseria.com\/es\/producto\/nommi-loveliness-never-ends-series-blind-box\/","title":{"rendered":"Nommi Loveliness Never Ends Series Blind Box"},"content":{"rendered":"","protected":false},"excerpt":{"rendered":"<p>Cada caja sorpresa de Nommi contiene un peluche aleatorio de la serie Loveliness Never Ends, \u00a1y no sabr\u00e1s qu\u00e9 personaje tan mono te tocar\u00e1 hasta que la abras!<\/p>","protected":false},"featured_media":13170,"comment_status":"open","ping_status":"closed","template":"","meta":{"nf_dc_page":"","inline_featured_image":false},"product_cat":[112],"product_tag":[],"class_list":{"0":"post-13156","1":"product","2":"type-product","3":"status-publish","4":"has-post-thumbnail","6":"product_cat-toys-accessories","8":"first","9":"instock","10":"taxable","11":"shipping-taxable","12":"purchasable","13":"product-type-simple"},"_links":{"self":[{"href":"https:\/\/thesweetseria.com\/es\/wp-json\/wp\/v2\/product\/13156","targetHints":{"allow":["GET"]}}],"collection":[{"href":"https:\/\/thesweetseria.com\/es\/wp-json\/wp\/v2\/product"}],"about":[{"href":"https:\/\/thesweetseria.com\/es\/wp-json\/wp\/v2\/types\/product"}],"replies":[{"embeddable":true,"href":"https:\/\/thesweetseria.com\/es\/wp-json\/wp\/v2\/comments?post=13156"}],"wp:featuredmedia":[{"embeddable":true,"href":"https:\/\/thesweetseria.com\/es\/wp-json\/wp\/v2\/media\/13170"}],"wp:attachment":[{"href":"https:\/\/thesweetseria.com\/es\/wp-json\/wp\/v2\/media?parent=13156"}],"wp:term":[{"taxonomy":"product_cat","embeddable":true,"href":"https:\/\/thesweetseria.com\/es\/wp-json\/wp\/v2\/product_cat?post=13156"},{"taxonomy":"product_tag","embeddable":true,"href":"https:\/\/thesweetseria.com\/es\/wp-json\/wp\/v2\/product_tag?post=13156"}],"curies":[{"name":"wp","href":"https:\/\/api.w.org\/{rel}","templated":true}]}}