{"id":13155,"date":"2026-03-31T08:19:53","date_gmt":"2026-03-31T08:19:53","guid":{"rendered":"https:\/\/thesweetseria.com\/?post_type=product&#038;p=13155"},"modified":"2026-03-31T11:06:25","modified_gmt":"2026-03-31T11:06:25","slug":"bitty-pop-disney-toy-story-blind-pack","status":"publish","type":"product","link":"https:\/\/thesweetseria.com\/es\/producto\/bitty-pop-disney-toy-story-blind-pack\/","title":{"rendered":"Bitty POP Disney Toy Story Blind Pack"},"content":{"rendered":"","protected":false},"excerpt":{"rendered":"<p>MYSTERY MINI FIGURE - Oportunidad de abrir la caja de una Hyper Rare (1\/6) Bunny, Hyper Rare (1\/6) Bo Peep, Rare (1\/3) Ducky, and Rare (1\/3) Buzz Lightyear (flying); disfruta de la emoci\u00f3n de coleccionar minifiguras \u00fanicas\nCOLECCIONES PEQUE\u00d1AS Y DETALLADAS - Disfruta de art\u00edculos con licencia oficial de 0,9 pulgadas (2,3 cm); Advertencia: no apto para Hombresores de 3 a\u00f1os, peligro de asfixia<\/p>","protected":false},"featured_media":13167,"comment_status":"open","ping_status":"closed","template":"","meta":{"nf_dc_page":"","inline_featured_image":false},"product_cat":[112],"product_tag":[],"class_list":{"0":"post-13155","1":"product","2":"type-product","3":"status-publish","4":"has-post-thumbnail","6":"product_cat-toys-accessories","8":"first","9":"instock","10":"taxable","11":"shipping-taxable","12":"purchasable","13":"product-type-simple"},"_links":{"self":[{"href":"https:\/\/thesweetseria.com\/es\/wp-json\/wp\/v2\/product\/13155","targetHints":{"allow":["GET"]}}],"collection":[{"href":"https:\/\/thesweetseria.com\/es\/wp-json\/wp\/v2\/product"}],"about":[{"href":"https:\/\/thesweetseria.com\/es\/wp-json\/wp\/v2\/types\/product"}],"replies":[{"embeddable":true,"href":"https:\/\/thesweetseria.com\/es\/wp-json\/wp\/v2\/comments?post=13155"}],"wp:featuredmedia":[{"embeddable":true,"href":"https:\/\/thesweetseria.com\/es\/wp-json\/wp\/v2\/media\/13167"}],"wp:attachment":[{"href":"https:\/\/thesweetseria.com\/es\/wp-json\/wp\/v2\/media?parent=13155"}],"wp:term":[{"taxonomy":"product_cat","embeddable":true,"href":"https:\/\/thesweetseria.com\/es\/wp-json\/wp\/v2\/product_cat?post=13155"},{"taxonomy":"product_tag","embeddable":true,"href":"https:\/\/thesweetseria.com\/es\/wp-json\/wp\/v2\/product_tag?post=13155"}],"curies":[{"name":"wp","href":"https:\/\/api.w.org\/{rel}","templated":true}]}}