{"id":13147,"date":"2026-03-27T06:05:43","date_gmt":"2026-03-27T06:05:43","guid":{"rendered":"https:\/\/thesweetseria.com\/?post_type=product&#038;p=13147"},"modified":"2026-04-01T10:00:44","modified_gmt":"2026-04-01T10:00:44","slug":"pokemon-ascended-heroes-tins-english","status":"publish","type":"product","link":"https:\/\/thesweetseria.com\/es\/producto\/pokemon-ascended-heroes-tins-english\/","title":{"rendered":"Pokemon Ascended Heroes Tins English"},"content":{"rendered":"","protected":false},"excerpt":{"rendered":"<p>Las latas coleccionables \u00abPok\u00e9mon TCG: Mega Evolution\u2014Ascended Heroes\u00bb son productos en ingl\u00e9s lanzados el 20 de febrero de 2026 como parte de la gran expansi\u00f3n especial \u00abAscended Heroes\u00bb. Esta expansi\u00f3n destaca por ser la mayor expansi\u00f3n internacional de Pok\u00e9mon hasta la fecha, con m\u00e1s de 290 cartas, y por reintroducir la mec\u00e1nica de Megaevoluci\u00f3n inspirada en Pok\u00e9mon Legends: Z-A.<\/p>\n<p>Dos sobres: Cada sobre de la expansi\u00f3n Mega Evolution\u2014Ascended Heroes contiene 10 cartas, 1 carta de Energ\u00eda B\u00e1sica y una tarjeta con c\u00f3digo TCG Live.\nUna carta ilustrada: Una carta coleccionable con la ilustraci\u00f3n de la tapa de esa lata espec\u00edfica.\nUna hoja de pegatinas: Una hoja de pegatinas a juego con la ilustraci\u00f3n de la lata.<\/p>","protected":false},"featured_media":13152,"comment_status":"open","ping_status":"closed","template":"","meta":{"nf_dc_page":"","inline_featured_image":false},"product_cat":[120,117,126],"product_tag":[],"class_list":{"0":"post-13147","1":"product","2":"type-product","3":"status-publish","4":"has-post-thumbnail","6":"product_cat-pokemon","7":"product_cat-tcg","8":"product_cat-tins","10":"first","11":"instock","12":"taxable","13":"shipping-taxable","14":"purchasable","15":"product-type-simple"},"_links":{"self":[{"href":"https:\/\/thesweetseria.com\/es\/wp-json\/wp\/v2\/product\/13147","targetHints":{"allow":["GET"]}}],"collection":[{"href":"https:\/\/thesweetseria.com\/es\/wp-json\/wp\/v2\/product"}],"about":[{"href":"https:\/\/thesweetseria.com\/es\/wp-json\/wp\/v2\/types\/product"}],"replies":[{"embeddable":true,"href":"https:\/\/thesweetseria.com\/es\/wp-json\/wp\/v2\/comments?post=13147"}],"wp:featuredmedia":[{"embeddable":true,"href":"https:\/\/thesweetseria.com\/es\/wp-json\/wp\/v2\/media\/13152"}],"wp:attachment":[{"href":"https:\/\/thesweetseria.com\/es\/wp-json\/wp\/v2\/media?parent=13147"}],"wp:term":[{"taxonomy":"product_cat","embeddable":true,"href":"https:\/\/thesweetseria.com\/es\/wp-json\/wp\/v2\/product_cat?post=13147"},{"taxonomy":"product_tag","embeddable":true,"href":"https:\/\/thesweetseria.com\/es\/wp-json\/wp\/v2\/product_tag?post=13147"}],"curies":[{"name":"wp","href":"https:\/\/api.w.org\/{rel}","templated":true}]}}