{"id":13145,"date":"2026-03-27T06:03:51","date_gmt":"2026-03-27T06:03:51","guid":{"rendered":"https:\/\/thesweetseria.com\/?post_type=product&#038;p=13145"},"modified":"2026-04-01T10:00:35","modified_gmt":"2026-04-01T10:00:35","slug":"ninja-spinner-booster-pack-japanese","status":"publish","type":"product","link":"https:\/\/thesweetseria.com\/es\/producto\/ninja-spinner-booster-pack-japanese\/","title":{"rendered":"Ninja Spinner Booster Pack Japanese"},"content":{"rendered":"","protected":false},"excerpt":{"rendered":"<p>Los sobres de la expansi\u00f3n \u00abPok\u00e9mon TCG: Ninja Spinner\u00bb son la \u00faltima expansi\u00f3n japonesa (c\u00f3digo de set M4), lanzada oficialmente en Jap\u00f3n el 13 de marzo de 2026. Esta expansi\u00f3n supone una importante incorporaci\u00f3n a la era de la Megaevoluci\u00f3n, centrada en Pok\u00e9mon de tem\u00e1tica ninja, con Mega Greninja ex como carta estrella.\n\u00a1Cada sobre contiene 5 cartas!<\/p>","protected":false},"featured_media":13149,"comment_status":"open","ping_status":"closed","template":"","meta":{"nf_dc_page":"","inline_featured_image":false},"product_cat":[125,120,117],"product_tag":[],"class_list":{"0":"post-13145","1":"product","2":"type-product","3":"status-publish","4":"has-post-thumbnail","6":"product_cat-boosterpacks","7":"product_cat-pokemon","8":"product_cat-tcg","10":"first","11":"instock","12":"taxable","13":"shipping-taxable","14":"purchasable","15":"product-type-simple"},"_links":{"self":[{"href":"https:\/\/thesweetseria.com\/es\/wp-json\/wp\/v2\/product\/13145","targetHints":{"allow":["GET"]}}],"collection":[{"href":"https:\/\/thesweetseria.com\/es\/wp-json\/wp\/v2\/product"}],"about":[{"href":"https:\/\/thesweetseria.com\/es\/wp-json\/wp\/v2\/types\/product"}],"replies":[{"embeddable":true,"href":"https:\/\/thesweetseria.com\/es\/wp-json\/wp\/v2\/comments?post=13145"}],"wp:featuredmedia":[{"embeddable":true,"href":"https:\/\/thesweetseria.com\/es\/wp-json\/wp\/v2\/media\/13149"}],"wp:attachment":[{"href":"https:\/\/thesweetseria.com\/es\/wp-json\/wp\/v2\/media?parent=13145"}],"wp:term":[{"taxonomy":"product_cat","embeddable":true,"href":"https:\/\/thesweetseria.com\/es\/wp-json\/wp\/v2\/product_cat?post=13145"},{"taxonomy":"product_tag","embeddable":true,"href":"https:\/\/thesweetseria.com\/es\/wp-json\/wp\/v2\/product_tag?post=13145"}],"curies":[{"name":"wp","href":"https:\/\/api.w.org\/{rel}","templated":true}]}}