{"id":13123,"date":"2026-03-16T22:37:58","date_gmt":"2026-03-16T22:37:58","guid":{"rendered":"https:\/\/thesweetseria.com\/?post_type=product&#038;p=13123"},"modified":"2026-04-03T02:58:28","modified_gmt":"2026-04-03T02:58:28","slug":"pokemon-perfect-order-etb-english","status":"publish","type":"product","link":"https:\/\/thesweetseria.com\/es\/producto\/pokemon-perfect-order-etb-english\/","title":{"rendered":"Pokemon Perfect Order ETB English"},"content":{"rendered":"","protected":false},"excerpt":{"rendered":"<p>El juego de cartas Pok\u00e9mon: Megaevoluci\u00f3n \u2014 Caja de Entrenador de \u00c9lite \u00abOrden Perfecto\u00bb (ETB). Esta colecci\u00f3n es la tercera expansi\u00f3n regular en ingl\u00e9s de la serie Megaevoluci\u00f3n y tiene como tema la regi\u00f3n de Kalos y el pr\u00f3ximo videojuego Pok\u00e9mon Legends: Z-A.<\/p>\n<p>Contenido de la Caja de Entrenador de \u00c9lite\nLa ETB en ingl\u00e9s presenta a Mega Zygarde ex en la ilustraci\u00f3n de la caja e incluye los siguientes art\u00edculos:\n-9 sobres: cada sobre contiene 10 cartas y 1 carta de Energ\u00eda B\u00e1sica.\n-Carta promocional: Una carta promocional foil con ilustraci\u00f3n completa de Tyrunt.\n-Accesorios: 65 fundas para cartas, 40 cartas de Energ\u00eda, 6 dados de contador de da\u00f1o, 1 dado para lanzar la moneda v\u00e1lido en competici\u00f3n y 1 moneda de pl\u00e1stico.\n-Imprescindibles para coleccionistas: Una gu\u00eda del jugador para la expansi\u00f3n, una caja de coleccionista con 6 separadores y una tarjeta con c\u00f3digo para Pok\u00e9mon TCG Live.<\/p>\n<p>Aspectos destacados de la expansi\u00f3n\n-Pok\u00e9mon destacados: La expansi\u00f3n se centra en los nuevos Pok\u00e9mon Megaevoluci\u00f3n ex, concretamente Mega Zygarde ex, Mega Starmie ex, Mega Clefable ex y Mega Skarmory ex.\n-Tama\u00f1o de la expansi\u00f3n: Consta de m\u00e1s de 120 cartas, incluyendo m\u00e1s de 30 cartas con ilustraciones especiales (Raras con Ilustraci\u00f3n y Raras con Ilustraci\u00f3n Especial).\n-Cartas clave: Entre las cartas m\u00e1s esperadas se encuentran las versiones Raras con Ilustraci\u00f3n Especial (SIR) de Mega Zygarde ex, Meowth ex y la carta de Apoyo \u00ab\u00c1nimo de Rosa\u00bb.<\/p>","protected":false},"featured_media":13128,"comment_status":"open","ping_status":"closed","template":"","meta":{"nf_dc_page":"","inline_featured_image":false},"product_cat":[124,120,117],"product_tag":[],"class_list":{"0":"post-13123","1":"product","2":"type-product","3":"status-publish","4":"has-post-thumbnail","6":"product_cat-etbs","7":"product_cat-pokemon","8":"product_cat-tcg","10":"first","11":"instock","12":"taxable","13":"shipping-taxable","14":"purchasable","15":"product-type-simple"},"_links":{"self":[{"href":"https:\/\/thesweetseria.com\/es\/wp-json\/wp\/v2\/product\/13123","targetHints":{"allow":["GET"]}}],"collection":[{"href":"https:\/\/thesweetseria.com\/es\/wp-json\/wp\/v2\/product"}],"about":[{"href":"https:\/\/thesweetseria.com\/es\/wp-json\/wp\/v2\/types\/product"}],"replies":[{"embeddable":true,"href":"https:\/\/thesweetseria.com\/es\/wp-json\/wp\/v2\/comments?post=13123"}],"wp:featuredmedia":[{"embeddable":true,"href":"https:\/\/thesweetseria.com\/es\/wp-json\/wp\/v2\/media\/13128"}],"wp:attachment":[{"href":"https:\/\/thesweetseria.com\/es\/wp-json\/wp\/v2\/media?parent=13123"}],"wp:term":[{"taxonomy":"product_cat","embeddable":true,"href":"https:\/\/thesweetseria.com\/es\/wp-json\/wp\/v2\/product_cat?post=13123"},{"taxonomy":"product_tag","embeddable":true,"href":"https:\/\/thesweetseria.com\/es\/wp-json\/wp\/v2\/product_tag?post=13123"}],"curies":[{"name":"wp","href":"https:\/\/api.w.org\/{rel}","templated":true}]}}