{"id":13112,"date":"2026-03-16T14:54:33","date_gmt":"2026-03-16T14:54:33","guid":{"rendered":"https:\/\/thesweetseria.com\/?post_type=product&#038;p=13112"},"modified":"2026-04-05T19:53:33","modified_gmt":"2026-04-05T19:53:33","slug":"pokemon-ascended-heroes-etb-english","status":"publish","type":"product","link":"https:\/\/thesweetseria.com\/es\/producto\/pokemon-ascended-heroes-etb-english\/","title":{"rendered":"Pokemon Ascended Heroes ETB (English)"},"content":{"rendered":"","protected":false},"excerpt":{"rendered":"<p>La caja de entrenador de \u00e9lite (ETB) \u00abMega Evolution\u2014Ascended Heroes\u00bb del Juego de Cartas de Pok\u00e9mon es la pieza central de la mayor expansi\u00f3n en ingl\u00e9s de Pok\u00e9mon hasta la fecha, con casi 300 cartas.<br \/>\nContenido de la caja\nCada caja de entrenador de \u00e9lite \u00abAscended Heroes\u00bb incluye los siguientes art\u00edculos en ingl\u00e9s:\n-9 sobres: nueve sobres individuales de la expansi\u00f3n \u00abMega Evolution\u2014Ascended Heroes\u00bb.\n-Carta promocional: 1 carta promocional foil con ilustraci\u00f3n completa de Zekrom de N.\n-Fundas para cartas: 65 fundas ilustradas, normalmente con Mega Dragonite.\n-Cartas de Energ\u00eda: 40 cartas de Energ\u00eda del Juego de Cartas Coleccionables Pok\u00e9mon.\n-Accesorios de juego:\n6 dados para contadores de da\u00f1o.\n1 dado para lanzar la moneda v\u00e1lido para competici\u00f3n.\n1 moneda de coleccionista de pl\u00e1stico.\n2 marcadores de estado de pl\u00e1stico.<br \/>\nImprescindibles para coleccionistas:\n-Una caja de coleccionista resistente con 4 (o 6) separadores para mantener todo organizado.\n-Una gu\u00eda del jugador de la expansi\u00f3n.\n-Una tarjeta con c\u00f3digo para Pok\u00e9mon Trading Card Game Live.<br \/>\nCollector&#8217;s Essentials: A sturdy collector\u2019s box with 4 (or 6) dividers to keep everything organized &#8211; A player\u2019s guide to the expansion &#8211; A code card for Pok\u00e9mon Trading Card Game Live.<br \/>\nAspectos destacados de la expansi\u00f3n\n-Vuelve la Megaevoluci\u00f3n: La expansi\u00f3n marca el regreso de los Pok\u00e9mon ex de Megaevoluci\u00f3n, encabezados por Mega-Dragonite ex.\n-Tama\u00f1o r\u00e9cord: Con un total de 295 cartas (incluidas 78 cartas raras secretas), es la expansi\u00f3n en ingl\u00e9s m\u00e1s grande jam\u00e1s lanzada, superando a Fusion Strike.\nOrigen japon\u00e9s: Las cartas proceden principalmente de las expansiones japonesas MEGA Dream ex y Start Deck 100 Battle Collection.\n-Paquetes especiales: Esta expansi\u00f3n incluye los exclusivos God Packs y Demigod Packs, que contienen m\u00faltiples cartas raras con ilustraciones de gran valor.<\/p>","protected":false},"featured_media":13114,"comment_status":"open","ping_status":"closed","template":"","meta":{"nf_dc_page":"","inline_featured_image":false},"product_cat":[124,120,117],"product_tag":[],"class_list":{"0":"post-13112","1":"product","2":"type-product","3":"status-publish","4":"has-post-thumbnail","6":"product_cat-etbs","7":"product_cat-pokemon","8":"product_cat-tcg","10":"first","11":"instock","12":"taxable","13":"shipping-taxable","14":"purchasable","15":"product-type-simple"},"_links":{"self":[{"href":"https:\/\/thesweetseria.com\/es\/wp-json\/wp\/v2\/product\/13112","targetHints":{"allow":["GET"]}}],"collection":[{"href":"https:\/\/thesweetseria.com\/es\/wp-json\/wp\/v2\/product"}],"about":[{"href":"https:\/\/thesweetseria.com\/es\/wp-json\/wp\/v2\/types\/product"}],"replies":[{"embeddable":true,"href":"https:\/\/thesweetseria.com\/es\/wp-json\/wp\/v2\/comments?post=13112"}],"wp:featuredmedia":[{"embeddable":true,"href":"https:\/\/thesweetseria.com\/es\/wp-json\/wp\/v2\/media\/13114"}],"wp:attachment":[{"href":"https:\/\/thesweetseria.com\/es\/wp-json\/wp\/v2\/media?parent=13112"}],"wp:term":[{"taxonomy":"product_cat","embeddable":true,"href":"https:\/\/thesweetseria.com\/es\/wp-json\/wp\/v2\/product_cat?post=13112"},{"taxonomy":"product_tag","embeddable":true,"href":"https:\/\/thesweetseria.com\/es\/wp-json\/wp\/v2\/product_tag?post=13112"}],"curies":[{"name":"wp","href":"https:\/\/api.w.org\/{rel}","templated":true}]}}