{"id":12892,"date":"2026-02-25T18:07:08","date_gmt":"2026-02-25T18:07:08","guid":{"rendered":"https:\/\/thesweetseria.com\/?post_type=product&#038;p=12892"},"modified":"2026-03-28T12:30:57","modified_gmt":"2026-03-28T12:30:57","slug":"pokemon-mega-dream-ex-booster-pack-japanese","status":"publish","type":"product","link":"https:\/\/thesweetseria.com\/es\/producto\/pokemon-mega-dream-ex-booster-pack-japanese\/","title":{"rendered":"Pokemon Mega Dream EX Booster Pack Japanese"},"content":{"rendered":"","protected":false},"excerpt":{"rendered":"<p>El juego de cartas coleccionables Pok\u00e9mon: Mega Dream ex Japanese es una expansi\u00f3n premium de \u00abalta gama\u00bb lanzada en Jap\u00f3n el 28 de noviembre de 2025. Esta expansi\u00f3n especial marca el regreso de las cartas de megaevoluci\u00f3n a la era moderna, con Pok\u00e9mon emblem\u00e1ticos como Mega Dragonite, Mega Gengar y Mega Charizard X.\nContenido del sobre: cada sobre individual contiene 10 cartas (el doble de las 5 habituales), con al menos un Pok\u00e9mon ex o un Pok\u00e9mon ex Megaevoluci\u00f3n garantizado por sobre.<\/p>","protected":false},"featured_media":12895,"comment_status":"open","ping_status":"closed","template":"","meta":{"nf_dc_page":"","inline_featured_image":false},"product_cat":[125,120,117],"product_tag":[],"class_list":{"0":"post-12892","1":"product","2":"type-product","3":"status-publish","4":"has-post-thumbnail","6":"product_cat-boosterpacks","7":"product_cat-pokemon","8":"product_cat-tcg","10":"first","11":"instock","12":"taxable","13":"shipping-taxable","14":"purchasable","15":"product-type-simple"},"_links":{"self":[{"href":"https:\/\/thesweetseria.com\/es\/wp-json\/wp\/v2\/product\/12892","targetHints":{"allow":["GET"]}}],"collection":[{"href":"https:\/\/thesweetseria.com\/es\/wp-json\/wp\/v2\/product"}],"about":[{"href":"https:\/\/thesweetseria.com\/es\/wp-json\/wp\/v2\/types\/product"}],"replies":[{"embeddable":true,"href":"https:\/\/thesweetseria.com\/es\/wp-json\/wp\/v2\/comments?post=12892"}],"wp:featuredmedia":[{"embeddable":true,"href":"https:\/\/thesweetseria.com\/es\/wp-json\/wp\/v2\/media\/12895"}],"wp:attachment":[{"href":"https:\/\/thesweetseria.com\/es\/wp-json\/wp\/v2\/media?parent=12892"}],"wp:term":[{"taxonomy":"product_cat","embeddable":true,"href":"https:\/\/thesweetseria.com\/es\/wp-json\/wp\/v2\/product_cat?post=12892"},{"taxonomy":"product_tag","embeddable":true,"href":"https:\/\/thesweetseria.com\/es\/wp-json\/wp\/v2\/product_tag?post=12892"}],"curies":[{"name":"wp","href":"https:\/\/api.w.org\/{rel}","templated":true}]}}