{"id":12878,"date":"2026-02-20T08:30:52","date_gmt":"2026-02-20T08:30:52","guid":{"rendered":"https:\/\/thesweetseria.com\/?post_type=product&#038;p=12878"},"modified":"2026-02-27T17:28:19","modified_gmt":"2026-02-27T17:28:19","slug":"pokemon-nihil-zero-booster-pack-japanese","status":"publish","type":"product","link":"https:\/\/thesweetseria.com\/es\/producto\/pokemon-nihil-zero-booster-pack-japanese\/","title":{"rendered":"Pokemon Nihil Zero Booster Pack Japanese"},"content":{"rendered":"","protected":false},"excerpt":{"rendered":"<p>Nihil Zero (nombre japon\u00e9s: Munikisu Zero o M3) del juego de cartas coleccionables Pok\u00e9mon es una expansi\u00f3n espec\u00edfica en japon\u00e9s lanzada en enero de 2026, y sus sobres contienen 5 cartas cada uno. Se trata de una expansi\u00f3n independiente y importante dentro de la serie m\u00e1s amplia \u00abMegaevoluci\u00f3n\u00bb del juego de cartas coleccionables Pok\u00e9mon.<\/p>","protected":false},"featured_media":12882,"comment_status":"open","ping_status":"closed","template":"","meta":{"nf_dc_page":"","inline_featured_image":false},"product_cat":[125,120,117],"product_tag":[],"class_list":{"0":"post-12878","1":"product","2":"type-product","3":"status-publish","4":"has-post-thumbnail","6":"product_cat-boosterpacks","7":"product_cat-pokemon","8":"product_cat-tcg","10":"first","11":"instock","12":"taxable","13":"shipping-taxable","14":"purchasable","15":"product-type-simple"},"_links":{"self":[{"href":"https:\/\/thesweetseria.com\/es\/wp-json\/wp\/v2\/product\/12878","targetHints":{"allow":["GET"]}}],"collection":[{"href":"https:\/\/thesweetseria.com\/es\/wp-json\/wp\/v2\/product"}],"about":[{"href":"https:\/\/thesweetseria.com\/es\/wp-json\/wp\/v2\/types\/product"}],"replies":[{"embeddable":true,"href":"https:\/\/thesweetseria.com\/es\/wp-json\/wp\/v2\/comments?post=12878"}],"wp:featuredmedia":[{"embeddable":true,"href":"https:\/\/thesweetseria.com\/es\/wp-json\/wp\/v2\/media\/12882"}],"wp:attachment":[{"href":"https:\/\/thesweetseria.com\/es\/wp-json\/wp\/v2\/media?parent=12878"}],"wp:term":[{"taxonomy":"product_cat","embeddable":true,"href":"https:\/\/thesweetseria.com\/es\/wp-json\/wp\/v2\/product_cat?post=12878"},{"taxonomy":"product_tag","embeddable":true,"href":"https:\/\/thesweetseria.com\/es\/wp-json\/wp\/v2\/product_tag?post=12878"}],"curies":[{"name":"wp","href":"https:\/\/api.w.org\/{rel}","templated":true}]}}