{"id":12871,"date":"2026-02-18T16:39:20","date_gmt":"2026-02-18T16:39:20","guid":{"rendered":"https:\/\/thesweetseria.com\/?post_type=product&#038;p=12871"},"modified":"2026-02-27T17:28:42","modified_gmt":"2026-02-27T17:28:42","slug":"topps-stadium-club-ufc-2025-pack","status":"publish","type":"product","link":"https:\/\/thesweetseria.com\/es\/producto\/topps-stadium-club-ufc-2025-pack\/","title":{"rendered":"Topps Stadium Club UFC 2025 Pack"},"content":{"rendered":"","protected":false},"excerpt":{"rendered":"<p>La colecci\u00f3n 2025 Topps Stadium Club UFC, el primer lanzamiento de UFC para la emblem\u00e1tica marca Stadium Club, se lanz\u00f3 oficialmente el 23 de enero de 2026. Conocida por sus fotograf\u00edas de acci\u00f3n \u00aba sangre\u00bb de alta calidad, la colecci\u00f3n cuenta con una mezcla de estrellas actuales, novatos en ascenso y leyendas.\nColecci\u00f3n b\u00e1sica: una colecci\u00f3n b\u00e1sica de 300 cartas (las primeras 200 de las cuales cuentan con numerosas variantes).\nParalelos clave: Busca los paralelos Gold Minted Chrome, Members Only y Photographer's Proof.\nLuchadores destacados: Incluye estrellas como Alex Pereira, Conor McGregor, Sean O'Malley y novatos de primer nivel como Kai Asakura y Payton Talbott.\n8 cartas por paquete.<\/p>","protected":false},"featured_media":12873,"comment_status":"open","ping_status":"closed","template":"","meta":{"nf_dc_page":"","inline_featured_image":false},"product_cat":[131,117,130],"product_tag":[],"class_list":{"0":"post-12871","1":"product","2":"type-product","3":"status-publish","4":"has-post-thumbnail","6":"product_cat-loose-packs-topps","7":"product_cat-tcg","8":"product_cat-topps","10":"first","11":"instock","12":"taxable","13":"shipping-taxable","14":"purchasable","15":"product-type-simple"},"_links":{"self":[{"href":"https:\/\/thesweetseria.com\/es\/wp-json\/wp\/v2\/product\/12871","targetHints":{"allow":["GET"]}}],"collection":[{"href":"https:\/\/thesweetseria.com\/es\/wp-json\/wp\/v2\/product"}],"about":[{"href":"https:\/\/thesweetseria.com\/es\/wp-json\/wp\/v2\/types\/product"}],"replies":[{"embeddable":true,"href":"https:\/\/thesweetseria.com\/es\/wp-json\/wp\/v2\/comments?post=12871"}],"wp:featuredmedia":[{"embeddable":true,"href":"https:\/\/thesweetseria.com\/es\/wp-json\/wp\/v2\/media\/12873"}],"wp:attachment":[{"href":"https:\/\/thesweetseria.com\/es\/wp-json\/wp\/v2\/media?parent=12871"}],"wp:term":[{"taxonomy":"product_cat","embeddable":true,"href":"https:\/\/thesweetseria.com\/es\/wp-json\/wp\/v2\/product_cat?post=12871"},{"taxonomy":"product_tag","embeddable":true,"href":"https:\/\/thesweetseria.com\/es\/wp-json\/wp\/v2\/product_tag?post=12871"}],"curies":[{"name":"wp","href":"https:\/\/api.w.org\/{rel}","templated":true}]}}