{"id":12867,"date":"2026-02-16T18:19:20","date_gmt":"2026-02-16T18:19:20","guid":{"rendered":"https:\/\/thesweetseria.com\/?post_type=product&#038;p=12867"},"modified":"2026-03-04T18:45:18","modified_gmt":"2026-03-04T18:45:18","slug":"amos-peelerz-gummy-mango-65g","status":"publish","type":"product","link":"https:\/\/thesweetseria.com\/es\/producto\/amos-peelerz-gummy-mango-65g\/","title":{"rendered":"Amos Peelerz Gummy Mango 65g"},"content":{"rendered":"","protected":false},"excerpt":{"rendered":"<p>Disfruta de la diversi\u00f3n con Amos - Peelerz Gummy Mangoes, la combinaci\u00f3n perfecta de sabor afrutado y textura masticable. Cada bolsa de 65 g est\u00e1 repleta de delicioso sabor a mango, lo que hace que la hora de la merienda sea m\u00e1s agradable. \u00a1Di adi\u00f3s a los snacks aburridos y dale la bienvenida a un capricho divertido!<\/p>","protected":false},"featured_media":12870,"comment_status":"open","ping_status":"closed","template":"","meta":{"nf_dc_page":"","inline_featured_image":false},"product_cat":[108],"product_tag":[],"class_list":{"0":"post-12867","1":"product","2":"type-product","3":"status-publish","4":"has-post-thumbnail","6":"product_cat-candies","8":"first","9":"instock","10":"taxable","11":"shipping-taxable","12":"purchasable","13":"product-type-simple"},"_links":{"self":[{"href":"https:\/\/thesweetseria.com\/es\/wp-json\/wp\/v2\/product\/12867","targetHints":{"allow":["GET"]}}],"collection":[{"href":"https:\/\/thesweetseria.com\/es\/wp-json\/wp\/v2\/product"}],"about":[{"href":"https:\/\/thesweetseria.com\/es\/wp-json\/wp\/v2\/types\/product"}],"replies":[{"embeddable":true,"href":"https:\/\/thesweetseria.com\/es\/wp-json\/wp\/v2\/comments?post=12867"}],"wp:featuredmedia":[{"embeddable":true,"href":"https:\/\/thesweetseria.com\/es\/wp-json\/wp\/v2\/media\/12870"}],"wp:attachment":[{"href":"https:\/\/thesweetseria.com\/es\/wp-json\/wp\/v2\/media?parent=12867"}],"wp:term":[{"taxonomy":"product_cat","embeddable":true,"href":"https:\/\/thesweetseria.com\/es\/wp-json\/wp\/v2\/product_cat?post=12867"},{"taxonomy":"product_tag","embeddable":true,"href":"https:\/\/thesweetseria.com\/es\/wp-json\/wp\/v2\/product_tag?post=12867"}],"curies":[{"name":"wp","href":"https:\/\/api.w.org\/{rel}","templated":true}]}}