{"id":12847,"date":"2026-02-13T09:09:23","date_gmt":"2026-02-13T09:09:23","guid":{"rendered":"https:\/\/thesweetseria.com\/?post_type=product&#038;p=12847"},"modified":"2026-04-11T20:41:06","modified_gmt":"2026-04-11T20:41:06","slug":"pokemon-phantasmal-flames-booster-pack-english","status":"publish","type":"product","link":"https:\/\/thesweetseria.com\/es\/producto\/pokemon-phantasmal-flames-booster-pack-english\/","title":{"rendered":"Pokemon Phantasmal Flames Booster Pack English"},"content":{"rendered":"","protected":false},"excerpt":{"rendered":"<p>\u00a1Enciende el ardiente esp\u00edritu de la batalla y ad\u00e9ntrate en el mundo de la Megaevoluci\u00f3n, donde las abrasadoras llamas azules chocan con el poder de las sombras en la expansi\u00f3n Pok\u00e9mon TCG: Megaevoluci\u00f3n \u2014 Llamas fantasmales! Este emocionante set, que saldr\u00e1 a la venta el 14 de noviembre de 2025, es la segunda expansi\u00f3n de la serie Megaevoluci\u00f3n y est\u00e1 dise\u00f1ado para jugadores y coleccionistas que aman las batallas de alto impacto y las impresionantes ilustraciones.<\/p>","protected":false},"featured_media":12863,"comment_status":"open","ping_status":"closed","template":"","meta":{"nf_dc_page":"","inline_featured_image":false},"product_cat":[125,120,117],"product_tag":[],"class_list":{"0":"post-12847","1":"product","2":"type-product","3":"status-publish","4":"has-post-thumbnail","6":"product_cat-boosterpacks","7":"product_cat-pokemon","8":"product_cat-tcg","10":"first","11":"instock","12":"taxable","13":"shipping-taxable","14":"purchasable","15":"product-type-simple"},"_links":{"self":[{"href":"https:\/\/thesweetseria.com\/es\/wp-json\/wp\/v2\/product\/12847","targetHints":{"allow":["GET"]}}],"collection":[{"href":"https:\/\/thesweetseria.com\/es\/wp-json\/wp\/v2\/product"}],"about":[{"href":"https:\/\/thesweetseria.com\/es\/wp-json\/wp\/v2\/types\/product"}],"replies":[{"embeddable":true,"href":"https:\/\/thesweetseria.com\/es\/wp-json\/wp\/v2\/comments?post=12847"}],"wp:featuredmedia":[{"embeddable":true,"href":"https:\/\/thesweetseria.com\/es\/wp-json\/wp\/v2\/media\/12863"}],"wp:attachment":[{"href":"https:\/\/thesweetseria.com\/es\/wp-json\/wp\/v2\/media?parent=12847"}],"wp:term":[{"taxonomy":"product_cat","embeddable":true,"href":"https:\/\/thesweetseria.com\/es\/wp-json\/wp\/v2\/product_cat?post=12847"},{"taxonomy":"product_tag","embeddable":true,"href":"https:\/\/thesweetseria.com\/es\/wp-json\/wp\/v2\/product_tag?post=12847"}],"curies":[{"name":"wp","href":"https:\/\/api.w.org\/{rel}","templated":true}]}}