{"id":12846,"date":"2026-02-13T09:08:48","date_gmt":"2026-02-13T09:08:48","guid":{"rendered":"https:\/\/thesweetseria.com\/?post_type=product&#038;p=12846"},"modified":"2026-02-16T19:54:14","modified_gmt":"2026-02-16T19:54:14","slug":"pokemon-mega-inferno-x-pack-korean","status":"publish","type":"product","link":"https:\/\/thesweetseria.com\/es\/producto\/pokemon-mega-inferno-x-pack-korean\/","title":{"rendered":"Pokemon Mega Inferno X Pack Korean"},"content":{"rendered":"","protected":false},"excerpt":{"rendered":"<p>La versi\u00f3n coreana de la expansi\u00f3n Inferno X forma parte de la era \u00abMEGA\u00bb del juego de cartas coleccionables Pok\u00e9mon y se lanz\u00f3 oficialmente en Corea del Sur el 28 de noviembre de 2025. La expansi\u00f3n incluye Mega Charizard X ex y cuenta con varios Pok\u00e9mon ex, cartas raras e ilustraciones alternativas, centr\u00e1ndose en los tipos Pok\u00e9mon de fuego y oscuridad. Cada sobre contiene 5 cartas.<\/p>","protected":false},"featured_media":12862,"comment_status":"open","ping_status":"closed","template":"","meta":{"nf_dc_page":"","inline_featured_image":false},"product_cat":[118,120,117],"product_tag":[],"class_list":{"0":"post-12846","1":"product","2":"type-product","3":"status-publish","4":"has-post-thumbnail","6":"product_cat-losse-packs","7":"product_cat-pokemon","8":"product_cat-tcg","10":"first","11":"instock","12":"taxable","13":"shipping-taxable","14":"purchasable","15":"product-type-simple"},"_links":{"self":[{"href":"https:\/\/thesweetseria.com\/es\/wp-json\/wp\/v2\/product\/12846","targetHints":{"allow":["GET"]}}],"collection":[{"href":"https:\/\/thesweetseria.com\/es\/wp-json\/wp\/v2\/product"}],"about":[{"href":"https:\/\/thesweetseria.com\/es\/wp-json\/wp\/v2\/types\/product"}],"replies":[{"embeddable":true,"href":"https:\/\/thesweetseria.com\/es\/wp-json\/wp\/v2\/comments?post=12846"}],"wp:featuredmedia":[{"embeddable":true,"href":"https:\/\/thesweetseria.com\/es\/wp-json\/wp\/v2\/media\/12862"}],"wp:attachment":[{"href":"https:\/\/thesweetseria.com\/es\/wp-json\/wp\/v2\/media?parent=12846"}],"wp:term":[{"taxonomy":"product_cat","embeddable":true,"href":"https:\/\/thesweetseria.com\/es\/wp-json\/wp\/v2\/product_cat?post=12846"},{"taxonomy":"product_tag","embeddable":true,"href":"https:\/\/thesweetseria.com\/es\/wp-json\/wp\/v2\/product_tag?post=12846"}],"curies":[{"name":"wp","href":"https:\/\/api.w.org\/{rel}","templated":true}]}}