{"id":12845,"date":"2026-02-13T09:08:21","date_gmt":"2026-02-13T09:08:21","guid":{"rendered":"https:\/\/thesweetseria.com\/?post_type=product&#038;p=12845"},"modified":"2026-02-27T17:30:06","modified_gmt":"2026-02-27T17:30:06","slug":"pokemon-mega-dream-ex-booster-pack-korean","status":"publish","type":"product","link":"https:\/\/thesweetseria.com\/es\/producto\/pokemon-mega-dream-ex-booster-pack-korean\/","title":{"rendered":"Pokemon Mega Dream EX Booster Pack Korean"},"content":{"rendered":"","protected":false},"excerpt":{"rendered":"<p>El sobre de expansi\u00f3n Pok\u00e9mon TCG: Mega Dream ex Korean forma parte de la expansi\u00f3n \u00abHigh-Class\u00bb (n\u00famero de expansi\u00f3n M2a) y contiene 10 cartas por sobre.\nLa expansi\u00f3n introduce nuevas rarezas como \u00abMA (Mega Attack Rare)\u00bb y \u00abMega Stone Mirror\u00bb. Incluye poderosas cartas Mega Pok\u00e9mon ex, entre las que se encuentran Mega Dragonite ex, Mega Gengar ex, Mega Froslass ex y Mega Charizard X ex.<\/p>","protected":false},"featured_media":12861,"comment_status":"open","ping_status":"closed","template":"","meta":{"nf_dc_page":"","inline_featured_image":false},"product_cat":[125,120,117],"product_tag":[],"class_list":{"0":"post-12845","1":"product","2":"type-product","3":"status-publish","4":"has-post-thumbnail","6":"product_cat-boosterpacks","7":"product_cat-pokemon","8":"product_cat-tcg","10":"first","11":"instock","12":"taxable","13":"shipping-taxable","14":"purchasable","15":"product-type-simple"},"_links":{"self":[{"href":"https:\/\/thesweetseria.com\/es\/wp-json\/wp\/v2\/product\/12845","targetHints":{"allow":["GET"]}}],"collection":[{"href":"https:\/\/thesweetseria.com\/es\/wp-json\/wp\/v2\/product"}],"about":[{"href":"https:\/\/thesweetseria.com\/es\/wp-json\/wp\/v2\/types\/product"}],"replies":[{"embeddable":true,"href":"https:\/\/thesweetseria.com\/es\/wp-json\/wp\/v2\/comments?post=12845"}],"wp:featuredmedia":[{"embeddable":true,"href":"https:\/\/thesweetseria.com\/es\/wp-json\/wp\/v2\/media\/12861"}],"wp:attachment":[{"href":"https:\/\/thesweetseria.com\/es\/wp-json\/wp\/v2\/media?parent=12845"}],"wp:term":[{"taxonomy":"product_cat","embeddable":true,"href":"https:\/\/thesweetseria.com\/es\/wp-json\/wp\/v2\/product_cat?post=12845"},{"taxonomy":"product_tag","embeddable":true,"href":"https:\/\/thesweetseria.com\/es\/wp-json\/wp\/v2\/product_tag?post=12845"}],"curies":[{"name":"wp","href":"https:\/\/api.w.org\/{rel}","templated":true}]}}