{"id":12844,"date":"2026-02-13T09:07:40","date_gmt":"2026-02-13T09:07:40","guid":{"rendered":"https:\/\/thesweetseria.com\/?post_type=product&#038;p=12844"},"modified":"2026-03-12T12:47:48","modified_gmt":"2026-03-12T12:47:48","slug":"pokemon-ascended-heroes-tech-sticker-collection-english","status":"publish","type":"product","link":"https:\/\/thesweetseria.com\/es\/producto\/pokemon-ascended-heroes-tech-sticker-collection-english\/","title":{"rendered":"Pokemon Ascended Heroes Tech Sticker Collection English"},"content":{"rendered":"","protected":false},"excerpt":{"rendered":"<p>La colecci\u00f3n de pegatinas t\u00e9cnicas Pok\u00e9mon TCG: Megaevoluci\u00f3n \u2014 H\u00e9roes ascendidos sali\u00f3 a la venta el 30 de enero de 2026.\nDetalles del producto\nEsta colecci\u00f3n forma parte de la expansi\u00f3n especial Megaevoluci\u00f3n \u2014 H\u00e9roes ascendidos, que se centra en el regreso de los Pok\u00e9mon Megaevolucionados. La colecci\u00f3n de pegatinas t\u00e9cnicas est\u00e1 disponible en dos variantes, cada una con diferentes Pok\u00e9mon de la regi\u00f3n de Kanto.<\/p>\n<p>Cada colecci\u00f3n incluye los siguientes art\u00edculos:<br \/>\n-Una carta promocional foil con Charmander o Gastly.<br \/>\n-Una hoja de pegatinas tecnol\u00f3gicas con el Pok\u00e9mon correspondiente y su Megaevoluci\u00f3n (Charmander y Mega Charizard Y o Gastly y Mega Gengar).<br \/>\n-Tres sobres de Pok\u00e9mon TCG: Megaevoluci\u00f3n \u2014 H\u00e9roes ascendidos.<\/p>","protected":false},"featured_media":12860,"comment_status":"open","ping_status":"closed","template":"","meta":{"nf_dc_page":"","inline_featured_image":false},"product_cat":[118,120,117],"product_tag":[],"class_list":{"0":"post-12844","1":"product","2":"type-product","3":"status-publish","4":"has-post-thumbnail","6":"product_cat-losse-packs","7":"product_cat-pokemon","8":"product_cat-tcg","10":"first","11":"instock","12":"taxable","13":"shipping-taxable","14":"purchasable","15":"product-type-simple"},"_links":{"self":[{"href":"https:\/\/thesweetseria.com\/es\/wp-json\/wp\/v2\/product\/12844","targetHints":{"allow":["GET"]}}],"collection":[{"href":"https:\/\/thesweetseria.com\/es\/wp-json\/wp\/v2\/product"}],"about":[{"href":"https:\/\/thesweetseria.com\/es\/wp-json\/wp\/v2\/types\/product"}],"replies":[{"embeddable":true,"href":"https:\/\/thesweetseria.com\/es\/wp-json\/wp\/v2\/comments?post=12844"}],"wp:featuredmedia":[{"embeddable":true,"href":"https:\/\/thesweetseria.com\/es\/wp-json\/wp\/v2\/media\/12860"}],"wp:attachment":[{"href":"https:\/\/thesweetseria.com\/es\/wp-json\/wp\/v2\/media?parent=12844"}],"wp:term":[{"taxonomy":"product_cat","embeddable":true,"href":"https:\/\/thesweetseria.com\/es\/wp-json\/wp\/v2\/product_cat?post=12844"},{"taxonomy":"product_tag","embeddable":true,"href":"https:\/\/thesweetseria.com\/es\/wp-json\/wp\/v2\/product_tag?post=12844"}],"curies":[{"name":"wp","href":"https:\/\/api.w.org\/{rel}","templated":true}]}}