{"id":12833,"date":"2026-02-09T16:06:27","date_gmt":"2026-02-09T16:06:27","guid":{"rendered":"https:\/\/thesweetseria.com\/?post_type=product&#038;p=12833"},"modified":"2026-02-09T17:40:39","modified_gmt":"2026-02-09T17:40:39","slug":"meitianyile-diy-shaved-ice-machine-45g","status":"publish","type":"product","link":"https:\/\/thesweetseria.com\/es\/producto\/meitianyile-diy-shaved-ice-machine-45g\/","title":{"rendered":"Meitianyile DIY Shaved Ice Machine 45g"},"content":{"rendered":"","protected":false},"excerpt":{"rendered":"<p>\u00a1Prep\u00e1rate para convertirte en una superestrella del hielo raspado con tu propia mini m\u00e1quina! Este incre\u00edble kit te permite construir tu propia m\u00e1quina de hielo raspado en miniatura y crear deliciosos y esponjosos postres parecidos a la nieve en tu propia casa.\nEs una actividad s\u00faper divertida y pr\u00e1ctica en la que utilizas el polvo especial para dulces que se incluye para preparar sabrosos sabores, \u00a1como un aut\u00e9ntico chef de postres! La caja muestra una simp\u00e1tica mascota en forma de oso lista para preparar un postre afrutado y colorido con sabores de fresa y kiwi. \u00a1Puedes imaginar que tienes tu propia tienda de dulces y servir deliciosos y refrescantes manjares!\n\u00bfEst\u00e1s listo para construir tu m\u00e1quina y empezar a hacer granizados?<\/p>","protected":false},"featured_media":12835,"comment_status":"open","ping_status":"closed","template":"","meta":{"nf_dc_page":"","inline_featured_image":false},"product_cat":[108],"product_tag":[],"class_list":{"0":"post-12833","1":"product","2":"type-product","3":"status-publish","4":"has-post-thumbnail","6":"product_cat-candies","8":"first","9":"instock","10":"taxable","11":"shipping-taxable","12":"purchasable","13":"product-type-simple"},"_links":{"self":[{"href":"https:\/\/thesweetseria.com\/es\/wp-json\/wp\/v2\/product\/12833","targetHints":{"allow":["GET"]}}],"collection":[{"href":"https:\/\/thesweetseria.com\/es\/wp-json\/wp\/v2\/product"}],"about":[{"href":"https:\/\/thesweetseria.com\/es\/wp-json\/wp\/v2\/types\/product"}],"replies":[{"embeddable":true,"href":"https:\/\/thesweetseria.com\/es\/wp-json\/wp\/v2\/comments?post=12833"}],"wp:featuredmedia":[{"embeddable":true,"href":"https:\/\/thesweetseria.com\/es\/wp-json\/wp\/v2\/media\/12835"}],"wp:attachment":[{"href":"https:\/\/thesweetseria.com\/es\/wp-json\/wp\/v2\/media?parent=12833"}],"wp:term":[{"taxonomy":"product_cat","embeddable":true,"href":"https:\/\/thesweetseria.com\/es\/wp-json\/wp\/v2\/product_cat?post=12833"},{"taxonomy":"product_tag","embeddable":true,"href":"https:\/\/thesweetseria.com\/es\/wp-json\/wp\/v2\/product_tag?post=12833"}],"curies":[{"name":"wp","href":"https:\/\/api.w.org\/{rel}","templated":true}]}}