{"id":12830,"date":"2026-02-09T16:01:45","date_gmt":"2026-02-09T16:01:45","guid":{"rendered":"https:\/\/thesweetseria.com\/?post_type=product&#038;p=12830"},"modified":"2026-02-09T17:40:31","modified_gmt":"2026-02-09T17:40:31","slug":"meitianyile-diy-handmade-french-style-desserts-45g","status":"publish","type":"product","link":"https:\/\/thesweetseria.com\/es\/producto\/meitianyile-diy-handmade-french-style-desserts-45g\/","title":{"rendered":"Meitianyile DIY Handmade French Style Desserts 45g"},"content":{"rendered":"","protected":false},"excerpt":{"rendered":"<p>\u00a1Explora el mundo de los postres franceses en miniatura con el kit Meitianyile DIY Handmade French Style Desserts! Este kit proporciona todo lo necesario para que los ni\u00f1os disfruten de una experiencia divertida y creativa en la cocina.\nEl kit incluye varios polvos e ingredientes que, al a\u00f1adirles agua, se transforman en masa y crema comestibles. Los ni\u00f1os pueden utilizar los moldes proporcionados para dar forma y decorar una gran variedad de mini pasteles franceses, como si fueran aut\u00e9nticos pasteleros. Las creaciones resultantes no solo son divertidas de hacer, sino que tambi\u00e9n son deliciosos dulces para comer.\nDise\u00f1ado para \u00abtiempo en familia\u00bb y \u00abtiempo feliz\u00bb, este kit es perfecto para compartir la alegr\u00eda de preparar y comer dulces con amigos y familiares. Fomenta la creatividad y ayuda a los ni\u00f1os a ganar confianza en la cocina de una forma l\u00fadica.<\/p>","protected":false},"featured_media":12832,"comment_status":"open","ping_status":"closed","template":"","meta":{"nf_dc_page":"","inline_featured_image":false},"product_cat":[108],"product_tag":[],"class_list":{"0":"post-12830","1":"product","2":"type-product","3":"status-publish","4":"has-post-thumbnail","6":"product_cat-candies","8":"first","9":"instock","10":"taxable","11":"shipping-taxable","12":"purchasable","13":"product-type-simple"},"_links":{"self":[{"href":"https:\/\/thesweetseria.com\/es\/wp-json\/wp\/v2\/product\/12830","targetHints":{"allow":["GET"]}}],"collection":[{"href":"https:\/\/thesweetseria.com\/es\/wp-json\/wp\/v2\/product"}],"about":[{"href":"https:\/\/thesweetseria.com\/es\/wp-json\/wp\/v2\/types\/product"}],"replies":[{"embeddable":true,"href":"https:\/\/thesweetseria.com\/es\/wp-json\/wp\/v2\/comments?post=12830"}],"wp:featuredmedia":[{"embeddable":true,"href":"https:\/\/thesweetseria.com\/es\/wp-json\/wp\/v2\/media\/12832"}],"wp:attachment":[{"href":"https:\/\/thesweetseria.com\/es\/wp-json\/wp\/v2\/media?parent=12830"}],"wp:term":[{"taxonomy":"product_cat","embeddable":true,"href":"https:\/\/thesweetseria.com\/es\/wp-json\/wp\/v2\/product_cat?post=12830"},{"taxonomy":"product_tag","embeddable":true,"href":"https:\/\/thesweetseria.com\/es\/wp-json\/wp\/v2\/product_tag?post=12830"}],"curies":[{"name":"wp","href":"https:\/\/api.w.org\/{rel}","templated":true}]}}