{"id":12824,"date":"2026-02-09T15:55:08","date_gmt":"2026-02-09T15:55:08","guid":{"rendered":"https:\/\/thesweetseria.com\/?post_type=product&#038;p=12824"},"modified":"2026-04-06T22:28:12","modified_gmt":"2026-04-06T22:28:12","slug":"china-lays-heinz-ketchup-limited-edition-70g","status":"publish","type":"product","link":"https:\/\/thesweetseria.com\/es\/producto\/china-lays-heinz-ketchup-limited-edition-70g\/","title":{"rendered":"China Lays Heinz Ketchup Limited edition 70g"},"content":{"rendered":"","protected":false},"excerpt":{"rendered":"<p>Las patatas fritas Lay's con sabor a ketchup Heinz son una colaboraci\u00f3n de edici\u00f3n limitada en China. Ofrecen un perfil de sabor \u00e1cido, agridulce, distinto al de la versi\u00f3n canadiense de las patatas fritas con sabor a ketchup.\nLas patatas fritas est\u00e1n condimentadas para capturar el sabor \u00abagridulce\u00bb del cl\u00e1sico ketchup Heinz, una mezcla de notas de tomate, az\u00facar y vinagre.<\/p>","protected":false},"featured_media":12826,"comment_status":"open","ping_status":"closed","template":"","meta":{"nf_dc_page":"","inline_featured_image":false},"product_cat":[107],"product_tag":[],"class_list":{"0":"post-12824","1":"product","2":"type-product","3":"status-publish","4":"has-post-thumbnail","6":"product_cat-salty-snacks","8":"first","9":"instock","10":"taxable","11":"shipping-taxable","12":"purchasable","13":"product-type-simple"},"_links":{"self":[{"href":"https:\/\/thesweetseria.com\/es\/wp-json\/wp\/v2\/product\/12824","targetHints":{"allow":["GET"]}}],"collection":[{"href":"https:\/\/thesweetseria.com\/es\/wp-json\/wp\/v2\/product"}],"about":[{"href":"https:\/\/thesweetseria.com\/es\/wp-json\/wp\/v2\/types\/product"}],"replies":[{"embeddable":true,"href":"https:\/\/thesweetseria.com\/es\/wp-json\/wp\/v2\/comments?post=12824"}],"wp:featuredmedia":[{"embeddable":true,"href":"https:\/\/thesweetseria.com\/es\/wp-json\/wp\/v2\/media\/12826"}],"wp:attachment":[{"href":"https:\/\/thesweetseria.com\/es\/wp-json\/wp\/v2\/media?parent=12824"}],"wp:term":[{"taxonomy":"product_cat","embeddable":true,"href":"https:\/\/thesweetseria.com\/es\/wp-json\/wp\/v2\/product_cat?post=12824"},{"taxonomy":"product_tag","embeddable":true,"href":"https:\/\/thesweetseria.com\/es\/wp-json\/wp\/v2\/product_tag?post=12824"}],"curies":[{"name":"wp","href":"https:\/\/api.w.org\/{rel}","templated":true}]}}