{"id":12818,"date":"2026-02-06T07:56:14","date_gmt":"2026-02-06T07:56:14","guid":{"rendered":"https:\/\/thesweetseria.com\/?post_type=product&#038;p=12818"},"modified":"2026-04-06T19:15:57","modified_gmt":"2026-04-06T19:15:57","slug":"sprite-tropical-mix-355ml","status":"publish","type":"product","link":"https:\/\/thesweetseria.com\/es\/producto\/sprite-tropical-mix-355ml\/","title":{"rendered":"Sprite Tropical Mix 355ml"},"content":{"rendered":"","protected":false},"excerpt":{"rendered":"<p>Es el indiscutible peso pesado del mundo de los refrescos. Sprite Tropical Mix no es solo una bebida, es una pieza legendaria de la cultura que sobrevivi\u00f3 a principios de la d\u00e9cada de 2000 para seguir siendo el est\u00e1ndar de oro de la barra. Es ese cl\u00e1sico y refrescante sabor de Sprite mejorado con un suave toque de pi\u00f1a y fresa.<\/p>","protected":false},"featured_media":12820,"comment_status":"open","ping_status":"closed","template":"","meta":{"nf_dc_page":"","inline_featured_image":false},"product_cat":[90],"product_tag":[],"class_list":{"0":"post-12818","1":"product","2":"type-product","3":"status-publish","4":"has-post-thumbnail","6":"product_cat-drinks","8":"first","9":"instock","10":"taxable","11":"shipping-taxable","12":"purchasable","13":"product-type-simple"},"_links":{"self":[{"href":"https:\/\/thesweetseria.com\/es\/wp-json\/wp\/v2\/product\/12818","targetHints":{"allow":["GET"]}}],"collection":[{"href":"https:\/\/thesweetseria.com\/es\/wp-json\/wp\/v2\/product"}],"about":[{"href":"https:\/\/thesweetseria.com\/es\/wp-json\/wp\/v2\/types\/product"}],"replies":[{"embeddable":true,"href":"https:\/\/thesweetseria.com\/es\/wp-json\/wp\/v2\/comments?post=12818"}],"wp:featuredmedia":[{"embeddable":true,"href":"https:\/\/thesweetseria.com\/es\/wp-json\/wp\/v2\/media\/12820"}],"wp:attachment":[{"href":"https:\/\/thesweetseria.com\/es\/wp-json\/wp\/v2\/media?parent=12818"}],"wp:term":[{"taxonomy":"product_cat","embeddable":true,"href":"https:\/\/thesweetseria.com\/es\/wp-json\/wp\/v2\/product_cat?post=12818"},{"taxonomy":"product_tag","embeddable":true,"href":"https:\/\/thesweetseria.com\/es\/wp-json\/wp\/v2\/product_tag?post=12818"}],"curies":[{"name":"wp","href":"https:\/\/api.w.org\/{rel}","templated":true}]}}