{"id":12801,"date":"2026-02-03T12:18:06","date_gmt":"2026-02-03T12:18:06","guid":{"rendered":"https:\/\/thesweetseria.com\/?post_type=product&#038;p=12801"},"modified":"2026-04-15T15:01:49","modified_gmt":"2026-04-15T15:01:49","slug":"skittles-desserts-152g","status":"publish","type":"product","link":"https:\/\/thesweetseria.com\/es\/producto\/skittles-desserts-152g\/","title":{"rendered":"SKITTLES DESSERTS 152g"},"content":{"rendered":"","protected":false},"excerpt":{"rendered":"<p>Imagina cambiar una visita tradicional a varias panader\u00edas por un pu\u00f1ado de caramelos. Los postres Skittles toman el emblem\u00e1tico \u00abcrujido y masticado\u00bb y lo impregnan con el alma de una pasteler\u00eda.<\/p>","protected":false},"featured_media":12808,"comment_status":"open","ping_status":"closed","template":"","meta":{"nf_dc_page":"","inline_featured_image":false},"product_cat":[108],"product_tag":[],"class_list":{"0":"post-12801","1":"product","2":"type-product","3":"status-publish","4":"has-post-thumbnail","6":"product_cat-candies","8":"first","9":"instock","10":"taxable","11":"shipping-taxable","12":"purchasable","13":"product-type-simple"},"_links":{"self":[{"href":"https:\/\/thesweetseria.com\/es\/wp-json\/wp\/v2\/product\/12801","targetHints":{"allow":["GET"]}}],"collection":[{"href":"https:\/\/thesweetseria.com\/es\/wp-json\/wp\/v2\/product"}],"about":[{"href":"https:\/\/thesweetseria.com\/es\/wp-json\/wp\/v2\/types\/product"}],"replies":[{"embeddable":true,"href":"https:\/\/thesweetseria.com\/es\/wp-json\/wp\/v2\/comments?post=12801"}],"wp:featuredmedia":[{"embeddable":true,"href":"https:\/\/thesweetseria.com\/es\/wp-json\/wp\/v2\/media\/12808"}],"wp:attachment":[{"href":"https:\/\/thesweetseria.com\/es\/wp-json\/wp\/v2\/media?parent=12801"}],"wp:term":[{"taxonomy":"product_cat","embeddable":true,"href":"https:\/\/thesweetseria.com\/es\/wp-json\/wp\/v2\/product_cat?post=12801"},{"taxonomy":"product_tag","embeddable":true,"href":"https:\/\/thesweetseria.com\/es\/wp-json\/wp\/v2\/product_tag?post=12801"}],"curies":[{"name":"wp","href":"https:\/\/api.w.org\/{rel}","templated":true}]}}