{"id":12800,"date":"2026-02-03T12:16:55","date_gmt":"2026-02-03T12:16:55","guid":{"rendered":"https:\/\/thesweetseria.com\/?post_type=product&#038;p=12800"},"modified":"2026-03-11T12:39:07","modified_gmt":"2026-03-11T12:39:07","slug":"nerds-gummy-clusters-nfl-cherry-raspberry-113g","status":"publish","type":"product","link":"https:\/\/thesweetseria.com\/es\/producto\/nerds-gummy-clusters-nfl-cherry-raspberry-113g\/","title":{"rendered":"Nerds Gummy Clusters NFL Cherry Raspberry 113g"},"content":{"rendered":"","protected":false},"excerpt":{"rendered":"<p>\u00a1Nerds Gummy Clusters NFL 113 g con sabor a cereza y frambuesa Touchdown! Se trata de una edici\u00f3n limitada para la temporada de f\u00fatbol americano de los Nerds Gummy Clusters normales. Cada pieza combina la caracter\u00edstica capa crujiente de los caramelos Nerds con un centro masticable de gominola, lo que ofrece una experiencia de m\u00faltiples texturas.<\/p>","protected":false},"featured_media":12804,"comment_status":"open","ping_status":"closed","template":"","meta":{"nf_dc_page":"","inline_featured_image":false},"product_cat":[108],"product_tag":[],"class_list":{"0":"post-12800","1":"product","2":"type-product","3":"status-publish","4":"has-post-thumbnail","6":"product_cat-candies","8":"first","9":"instock","10":"taxable","11":"shipping-taxable","12":"purchasable","13":"product-type-simple"},"_links":{"self":[{"href":"https:\/\/thesweetseria.com\/es\/wp-json\/wp\/v2\/product\/12800","targetHints":{"allow":["GET"]}}],"collection":[{"href":"https:\/\/thesweetseria.com\/es\/wp-json\/wp\/v2\/product"}],"about":[{"href":"https:\/\/thesweetseria.com\/es\/wp-json\/wp\/v2\/types\/product"}],"replies":[{"embeddable":true,"href":"https:\/\/thesweetseria.com\/es\/wp-json\/wp\/v2\/comments?post=12800"}],"wp:featuredmedia":[{"embeddable":true,"href":"https:\/\/thesweetseria.com\/es\/wp-json\/wp\/v2\/media\/12804"}],"wp:attachment":[{"href":"https:\/\/thesweetseria.com\/es\/wp-json\/wp\/v2\/media?parent=12800"}],"wp:term":[{"taxonomy":"product_cat","embeddable":true,"href":"https:\/\/thesweetseria.com\/es\/wp-json\/wp\/v2\/product_cat?post=12800"},{"taxonomy":"product_tag","embeddable":true,"href":"https:\/\/thesweetseria.com\/es\/wp-json\/wp\/v2\/product_tag?post=12800"}],"curies":[{"name":"wp","href":"https:\/\/api.w.org\/{rel}","templated":true}]}}