{"id":12799,"date":"2026-02-03T12:16:05","date_gmt":"2026-02-03T12:16:05","guid":{"rendered":"https:\/\/thesweetseria.com\/?post_type=product&#038;p=12799"},"modified":"2026-04-24T12:57:03","modified_gmt":"2026-04-24T12:57:03","slug":"bubs-strawberry-raspberry-blueberry-90g","status":"publish","type":"product","link":"https:\/\/thesweetseria.com\/es\/producto\/bubs-strawberry-raspberry-blueberry-90g\/","title":{"rendered":"BUBS Strawberry Raspberry Blueberry 90g"},"content":{"rendered":"","protected":false},"excerpt":{"rendered":"<p>Los BUBS Goody Sour Ovals Raspberry Blueberry 90 g son unos populares caramelos veganos suecos con una textura masticable \u00fanica, conocidos por su atrevido equilibrio entre los sabores \u00e1cido de la frambuesa y dulce del ar\u00e1ndano.\nEstos ovales ofrecen una vibrante \u00abexplosi\u00f3n de bayas\u00bb que combina los sabores distintivos de la frambuesa y el ar\u00e1ndano. Son conocidos por su fuerte toque \u00e1cido inicial o \u00abzing\u00bb procedente de una capa de az\u00facar \u00e1cido, que luego da paso a un final jugoso, dulce y afrutado.<\/p>","protected":false},"featured_media":12802,"comment_status":"open","ping_status":"closed","template":"","meta":{"nf_dc_page":"","inline_featured_image":false},"product_cat":[108],"product_tag":[],"class_list":{"0":"post-12799","1":"product","2":"type-product","3":"status-publish","4":"has-post-thumbnail","6":"product_cat-candies","8":"first","9":"instock","10":"taxable","11":"shipping-taxable","12":"purchasable","13":"product-type-simple"},"_links":{"self":[{"href":"https:\/\/thesweetseria.com\/es\/wp-json\/wp\/v2\/product\/12799","targetHints":{"allow":["GET"]}}],"collection":[{"href":"https:\/\/thesweetseria.com\/es\/wp-json\/wp\/v2\/product"}],"about":[{"href":"https:\/\/thesweetseria.com\/es\/wp-json\/wp\/v2\/types\/product"}],"replies":[{"embeddable":true,"href":"https:\/\/thesweetseria.com\/es\/wp-json\/wp\/v2\/comments?post=12799"}],"wp:featuredmedia":[{"embeddable":true,"href":"https:\/\/thesweetseria.com\/es\/wp-json\/wp\/v2\/media\/12802"}],"wp:attachment":[{"href":"https:\/\/thesweetseria.com\/es\/wp-json\/wp\/v2\/media?parent=12799"}],"wp:term":[{"taxonomy":"product_cat","embeddable":true,"href":"https:\/\/thesweetseria.com\/es\/wp-json\/wp\/v2\/product_cat?post=12799"},{"taxonomy":"product_tag","embeddable":true,"href":"https:\/\/thesweetseria.com\/es\/wp-json\/wp\/v2\/product_tag?post=12799"}],"curies":[{"name":"wp","href":"https:\/\/api.w.org\/{rel}","templated":true}]}}