{"id":12777,"date":"2026-02-03T12:12:07","date_gmt":"2026-02-03T12:12:07","guid":{"rendered":"https:\/\/thesweetseria.com\/?post_type=product&#038;p=12777"},"modified":"2026-03-05T11:09:57","modified_gmt":"2026-03-05T11:09:57","slug":"amos-peelerz-gummy-pineapple-65g","status":"publish","type":"product","link":"https:\/\/thesweetseria.com\/es\/producto\/amos-peelerz-gummy-pineapple-65g\/","title":{"rendered":"Amos Peelerz Gummy Pineapple 65g"},"content":{"rendered":"","protected":false},"excerpt":{"rendered":"<p>Las gominolas Amos Peelerz Gummy Pineapple son unas populares y novedosas gominolas conocidas por su exclusivo dise\u00f1o pelable, que permite pelar la capa exterior de gominola para descubrir un centro m\u00e1s blando y masticable. Ofrecen un sabor dulce y \u00e1cido a pi\u00f1a tropical. Los cr\u00edticos elogian su aut\u00e9ntico sabor y destacan su doble textura, con una parte exterior m\u00e1s masticable y una capa interior blanda y el\u00e1stica.<\/p>","protected":false},"featured_media":12793,"comment_status":"open","ping_status":"closed","template":"","meta":{"nf_dc_page":"","inline_featured_image":false},"product_cat":[108],"product_tag":[],"class_list":{"0":"post-12777","1":"product","2":"type-product","3":"status-publish","4":"has-post-thumbnail","6":"product_cat-candies","8":"first","9":"instock","10":"taxable","11":"shipping-taxable","12":"purchasable","13":"product-type-simple"},"_links":{"self":[{"href":"https:\/\/thesweetseria.com\/es\/wp-json\/wp\/v2\/product\/12777","targetHints":{"allow":["GET"]}}],"collection":[{"href":"https:\/\/thesweetseria.com\/es\/wp-json\/wp\/v2\/product"}],"about":[{"href":"https:\/\/thesweetseria.com\/es\/wp-json\/wp\/v2\/types\/product"}],"replies":[{"embeddable":true,"href":"https:\/\/thesweetseria.com\/es\/wp-json\/wp\/v2\/comments?post=12777"}],"wp:featuredmedia":[{"embeddable":true,"href":"https:\/\/thesweetseria.com\/es\/wp-json\/wp\/v2\/media\/12793"}],"wp:attachment":[{"href":"https:\/\/thesweetseria.com\/es\/wp-json\/wp\/v2\/media?parent=12777"}],"wp:term":[{"taxonomy":"product_cat","embeddable":true,"href":"https:\/\/thesweetseria.com\/es\/wp-json\/wp\/v2\/product_cat?post=12777"},{"taxonomy":"product_tag","embeddable":true,"href":"https:\/\/thesweetseria.com\/es\/wp-json\/wp\/v2\/product_tag?post=12777"}],"curies":[{"name":"wp","href":"https:\/\/api.w.org\/{rel}","templated":true}]}}