{"id":12774,"date":"2026-02-03T12:09:28","date_gmt":"2026-02-03T12:09:28","guid":{"rendered":"https:\/\/thesweetseria.com\/?post_type=product&#038;p=12774"},"modified":"2026-03-18T12:43:44","modified_gmt":"2026-03-18T12:43:44","slug":"amos-peelerz-gummy-eggs-easter-65g","status":"publish","type":"product","link":"https:\/\/thesweetseria.com\/es\/producto\/amos-peelerz-gummy-eggs-easter-65g\/","title":{"rendered":"AMOS PEELERZ GUMMY EGGS EASTER 65g"},"content":{"rendered":"","protected":false},"excerpt":{"rendered":"<p>\u00a1Prep\u00e1rate para una aventura gomosa! Los huevos gomosos Candy Amos Peelerz no son solo caramelos, son un divertido y interactivo capricho con el que podr\u00e1s pelar tu snack como si fuera una fruta de verdad.\n\u00a1El marat\u00f3n de pelar gomosos!\nLa gran revelaci\u00f3n: cada huevo de colores tiene una \u00abc\u00e1scara\u00bb exterior que puedes pelar para encontrar la gominola suave y jugosa que hay dentro. \u00a1Es un snack y una experiencia, todo en uno!\nExplosi\u00f3n de bayas: prep\u00e1rate para una explosi\u00f3n de deliciosos sabores de fresa, frambuesa y ar\u00e1ndanos elaborados con zumo de fruta real.\nMagia de Pascua: son la sorpresa perfecta para una cesta de Pascua o una b\u00fasqueda de huevos: \u00a1son brillantes, coloridos y s\u00faper \u00fanicos!\nDoble diversi\u00f3n: puedes pelarlos capa por capa o simplemente met\u00e9rtelos enteros en la boca, t\u00fa decides.\n\u00a1Hazte con estas golosinas virales y \u00fanete a la diversi\u00f3n de pelarlos!<\/p>","protected":false},"featured_media":12787,"comment_status":"open","ping_status":"closed","template":"","meta":{"nf_dc_page":"","inline_featured_image":false},"product_cat":[108],"product_tag":[],"class_list":{"0":"post-12774","1":"product","2":"type-product","3":"status-publish","4":"has-post-thumbnail","6":"product_cat-candies","8":"first","9":"instock","10":"taxable","11":"shipping-taxable","12":"purchasable","13":"product-type-simple"},"_links":{"self":[{"href":"https:\/\/thesweetseria.com\/es\/wp-json\/wp\/v2\/product\/12774","targetHints":{"allow":["GET"]}}],"collection":[{"href":"https:\/\/thesweetseria.com\/es\/wp-json\/wp\/v2\/product"}],"about":[{"href":"https:\/\/thesweetseria.com\/es\/wp-json\/wp\/v2\/types\/product"}],"replies":[{"embeddable":true,"href":"https:\/\/thesweetseria.com\/es\/wp-json\/wp\/v2\/comments?post=12774"}],"wp:featuredmedia":[{"embeddable":true,"href":"https:\/\/thesweetseria.com\/es\/wp-json\/wp\/v2\/media\/12787"}],"wp:attachment":[{"href":"https:\/\/thesweetseria.com\/es\/wp-json\/wp\/v2\/media?parent=12774"}],"wp:term":[{"taxonomy":"product_cat","embeddable":true,"href":"https:\/\/thesweetseria.com\/es\/wp-json\/wp\/v2\/product_cat?post=12774"},{"taxonomy":"product_tag","embeddable":true,"href":"https:\/\/thesweetseria.com\/es\/wp-json\/wp\/v2\/product_tag?post=12774"}],"curies":[{"name":"wp","href":"https:\/\/api.w.org\/{rel}","templated":true}]}}