{"id":12750,"date":"2026-01-28T22:17:41","date_gmt":"2026-01-28T22:17:41","guid":{"rendered":"https:\/\/thesweetseria.com\/?post_type=product&#038;p=12750"},"modified":"2026-04-14T17:29:55","modified_gmt":"2026-04-14T17:29:55","slug":"pokemon-vitamin-c-lemon-and-mango-gummy-tin-95g","status":"publish","type":"product","link":"https:\/\/thesweetseria.com\/es\/producto\/pokemon-vitamin-c-lemon-and-mango-gummy-tin-95g\/","title":{"rendered":"Pokemon Vitamin C Lemon and Mango Gummy Tin 95g"},"content":{"rendered":"","protected":false},"excerpt":{"rendered":"<p>Las gominolas de zumo de frutas con vitamina C de Pok\u00e9mon, sabor lim\u00f3n y mango, 95 g, son caramelos masticables importados de China, enriquecidos con vitamina C y presentados en una lata amarilla coleccionable con personajes de Pok\u00e9mon. Tienen un sabor \u00e1cido a lim\u00f3n y dulce a mango.<\/p>","protected":false},"featured_media":12763,"comment_status":"open","ping_status":"closed","template":"","meta":{"nf_dc_page":"","inline_featured_image":false},"product_cat":[108],"product_tag":[],"class_list":{"0":"post-12750","1":"product","2":"type-product","3":"status-publish","4":"has-post-thumbnail","6":"product_cat-candies","8":"first","9":"instock","10":"taxable","11":"shipping-taxable","12":"purchasable","13":"product-type-simple"},"_links":{"self":[{"href":"https:\/\/thesweetseria.com\/es\/wp-json\/wp\/v2\/product\/12750","targetHints":{"allow":["GET"]}}],"collection":[{"href":"https:\/\/thesweetseria.com\/es\/wp-json\/wp\/v2\/product"}],"about":[{"href":"https:\/\/thesweetseria.com\/es\/wp-json\/wp\/v2\/types\/product"}],"replies":[{"embeddable":true,"href":"https:\/\/thesweetseria.com\/es\/wp-json\/wp\/v2\/comments?post=12750"}],"wp:featuredmedia":[{"embeddable":true,"href":"https:\/\/thesweetseria.com\/es\/wp-json\/wp\/v2\/media\/12763"}],"wp:attachment":[{"href":"https:\/\/thesweetseria.com\/es\/wp-json\/wp\/v2\/media?parent=12750"}],"wp:term":[{"taxonomy":"product_cat","embeddable":true,"href":"https:\/\/thesweetseria.com\/es\/wp-json\/wp\/v2\/product_cat?post=12750"},{"taxonomy":"product_tag","embeddable":true,"href":"https:\/\/thesweetseria.com\/es\/wp-json\/wp\/v2\/product_tag?post=12750"}],"curies":[{"name":"wp","href":"https:\/\/api.w.org\/{rel}","templated":true}]}}