{"id":12740,"date":"2026-01-28T22:12:16","date_gmt":"2026-01-28T22:12:16","guid":{"rendered":"https:\/\/thesweetseria.com\/?post_type=product&#038;p=12740"},"modified":"2026-01-30T16:09:56","modified_gmt":"2026-01-30T16:09:56","slug":"orion-choco-pie-dark-chocolate-28g","status":"publish","type":"product","link":"https:\/\/thesweetseria.com\/es\/producto\/orion-choco-pie-dark-chocolate-28g\/","title":{"rendered":"Orion Choco Pie Dark Chocolate 28g"},"content":{"rendered":"","protected":false},"excerpt":{"rendered":"<p>El Orion Choco Pie Dark Chocolate es un peque\u00f1o pastelito redondo con un sabor m\u00e1s intenso que el original, que se caracteriza por una combinaci\u00f3n distintiva de capas de bizcocho suave, un relleno de malvavisco masticable y una cobertura de chocolate negro.<\/p>","protected":false},"featured_media":12753,"comment_status":"open","ping_status":"closed","template":"","meta":{"nf_dc_page":"","inline_featured_image":false},"product_cat":[15],"product_tag":[],"class_list":{"0":"post-12740","1":"product","2":"type-product","3":"status-publish","4":"has-post-thumbnail","6":"product_cat-chocolate","8":"first","9":"instock","10":"taxable","11":"shipping-taxable","12":"purchasable","13":"product-type-simple"},"_links":{"self":[{"href":"https:\/\/thesweetseria.com\/es\/wp-json\/wp\/v2\/product\/12740","targetHints":{"allow":["GET"]}}],"collection":[{"href":"https:\/\/thesweetseria.com\/es\/wp-json\/wp\/v2\/product"}],"about":[{"href":"https:\/\/thesweetseria.com\/es\/wp-json\/wp\/v2\/types\/product"}],"replies":[{"embeddable":true,"href":"https:\/\/thesweetseria.com\/es\/wp-json\/wp\/v2\/comments?post=12740"}],"wp:featuredmedia":[{"embeddable":true,"href":"https:\/\/thesweetseria.com\/es\/wp-json\/wp\/v2\/media\/12753"}],"wp:attachment":[{"href":"https:\/\/thesweetseria.com\/es\/wp-json\/wp\/v2\/media?parent=12740"}],"wp:term":[{"taxonomy":"product_cat","embeddable":true,"href":"https:\/\/thesweetseria.com\/es\/wp-json\/wp\/v2\/product_cat?post=12740"},{"taxonomy":"product_tag","embeddable":true,"href":"https:\/\/thesweetseria.com\/es\/wp-json\/wp\/v2\/product_tag?post=12740"}],"curies":[{"name":"wp","href":"https:\/\/api.w.org\/{rel}","templated":true}]}}