{"id":12739,"date":"2026-01-28T22:10:49","date_gmt":"2026-01-28T22:10:49","guid":{"rendered":"https:\/\/thesweetseria.com\/?post_type=product&#038;p=12739"},"modified":"2026-03-12T16:13:59","modified_gmt":"2026-03-12T16:13:59","slug":"china-oreo-cakesters-strawberry-22g","status":"publish","type":"product","link":"https:\/\/thesweetseria.com\/es\/producto\/china-oreo-cakesters-strawberry-22g\/","title":{"rendered":"China Oreo Cakesters Strawberry 22g"},"content":{"rendered":"","protected":false},"excerpt":{"rendered":"<p>Las galletas Oreo Cakesters Strawberry de China son galletas de chocolate suaves y esponjosas con un relleno cremoso de fresa. Las galletas Oreo Cloud Cakes Strawberry (a menudo denominadas Cakesters), exclusivas de China, son una versi\u00f3n \u00fanica de las cl\u00e1sicas galletas Oreo, con una consistencia similar a la de un pastel en lugar de la de una galleta crujiente.<\/p>","protected":false},"featured_media":12748,"comment_status":"open","ping_status":"closed","template":"","meta":{"nf_dc_page":"","inline_featured_image":false},"product_cat":[15],"product_tag":[],"class_list":{"0":"post-12739","1":"product","2":"type-product","3":"status-publish","4":"has-post-thumbnail","6":"product_cat-chocolate","8":"first","9":"instock","10":"taxable","11":"shipping-taxable","12":"purchasable","13":"product-type-simple"},"_links":{"self":[{"href":"https:\/\/thesweetseria.com\/es\/wp-json\/wp\/v2\/product\/12739","targetHints":{"allow":["GET"]}}],"collection":[{"href":"https:\/\/thesweetseria.com\/es\/wp-json\/wp\/v2\/product"}],"about":[{"href":"https:\/\/thesweetseria.com\/es\/wp-json\/wp\/v2\/types\/product"}],"replies":[{"embeddable":true,"href":"https:\/\/thesweetseria.com\/es\/wp-json\/wp\/v2\/comments?post=12739"}],"wp:featuredmedia":[{"embeddable":true,"href":"https:\/\/thesweetseria.com\/es\/wp-json\/wp\/v2\/media\/12748"}],"wp:attachment":[{"href":"https:\/\/thesweetseria.com\/es\/wp-json\/wp\/v2\/media?parent=12739"}],"wp:term":[{"taxonomy":"product_cat","embeddable":true,"href":"https:\/\/thesweetseria.com\/es\/wp-json\/wp\/v2\/product_cat?post=12739"},{"taxonomy":"product_tag","embeddable":true,"href":"https:\/\/thesweetseria.com\/es\/wp-json\/wp\/v2\/product_tag?post=12739"}],"curies":[{"name":"wp","href":"https:\/\/api.w.org\/{rel}","templated":true}]}}