{"id":12737,"date":"2026-01-28T22:16:20","date_gmt":"2026-01-28T22:16:20","guid":{"rendered":"https:\/\/thesweetseria.com\/?post_type=product&#038;p=12737"},"modified":"2026-04-15T11:32:55","modified_gmt":"2026-04-15T11:32:55","slug":"pokemon-probiotic-peach-and-strawberry-fruit-juice-gummy-tin-95g","status":"publish","type":"product","link":"https:\/\/thesweetseria.com\/es\/producto\/pokemon-probiotic-peach-and-strawberry-fruit-juice-gummy-tin-95g\/","title":{"rendered":"Pokemon Probiotic Peach and Strawberry Fruit Juice Gummy Tin 95g"},"content":{"rendered":"","protected":false},"excerpt":{"rendered":"<p>Las gominolas probi\u00f3ticas de fruta Pok\u00e9mon con sabor a melocot\u00f3n y fresa (95 g) vienen en una lata rosa coleccionable y son un dulce y afrutado tentempi\u00e9 que contiene probi\u00f3ticos beneficiosos para la salud intestinal. Las gominolas tienen forma de personajes Pok\u00e9mon. Pokemon Probiotic Peach and Strawberry Fruit Juice Gummy Tin 95g<\/p>","protected":false},"featured_media":12760,"comment_status":"open","ping_status":"closed","template":"","meta":{"nf_dc_page":"","inline_featured_image":false},"product_cat":[108],"product_tag":[],"class_list":{"0":"post-12737","1":"product","2":"type-product","3":"status-publish","4":"has-post-thumbnail","6":"product_cat-candies","8":"first","9":"instock","10":"taxable","11":"shipping-taxable","12":"purchasable","13":"product-type-simple"},"_links":{"self":[{"href":"https:\/\/thesweetseria.com\/es\/wp-json\/wp\/v2\/product\/12737","targetHints":{"allow":["GET"]}}],"collection":[{"href":"https:\/\/thesweetseria.com\/es\/wp-json\/wp\/v2\/product"}],"about":[{"href":"https:\/\/thesweetseria.com\/es\/wp-json\/wp\/v2\/types\/product"}],"replies":[{"embeddable":true,"href":"https:\/\/thesweetseria.com\/es\/wp-json\/wp\/v2\/comments?post=12737"}],"wp:featuredmedia":[{"embeddable":true,"href":"https:\/\/thesweetseria.com\/es\/wp-json\/wp\/v2\/media\/12760"}],"wp:attachment":[{"href":"https:\/\/thesweetseria.com\/es\/wp-json\/wp\/v2\/media?parent=12737"}],"wp:term":[{"taxonomy":"product_cat","embeddable":true,"href":"https:\/\/thesweetseria.com\/es\/wp-json\/wp\/v2\/product_cat?post=12737"},{"taxonomy":"product_tag","embeddable":true,"href":"https:\/\/thesweetseria.com\/es\/wp-json\/wp\/v2\/product_tag?post=12737"}],"curies":[{"name":"wp","href":"https:\/\/api.w.org\/{rel}","templated":true}]}}