{"id":12729,"date":"2026-01-26T15:02:27","date_gmt":"2026-01-26T15:02:27","guid":{"rendered":"https:\/\/thesweetseria.com\/?post_type=product&#038;p=12729"},"modified":"2026-02-19T12:00:57","modified_gmt":"2026-02-19T12:00:57","slug":"samyang-extreme-buldak-zzaldduk-2x-spicy-chips-80g","status":"publish","type":"product","link":"https:\/\/thesweetseria.com\/es\/producto\/samyang-extreme-buldak-zzaldduk-2x-spicy-chips-80g\/","title":{"rendered":"Samyang Extreme Buldak ZZaldduk 2x Spicy Chips 80g"},"content":{"rendered":"","protected":false},"excerpt":{"rendered":"<p>Esta bolsa de 80 g de Samyang Extreme Buldak Zzaldduk Snack est\u00e1 repleta de un picante ardiente que te dejar\u00e1 sin sentido, sudando y suplicando clemencia. Pero si eres fan\u00e1tico de la comida picante, te encantar\u00e1 la deliciosa textura masticable de estos snacks con forma de penne.<\/p>","protected":false},"featured_media":12733,"comment_status":"open","ping_status":"closed","template":"","meta":{"nf_dc_page":"","inline_featured_image":false},"product_cat":[107],"product_tag":[],"class_list":{"0":"post-12729","1":"product","2":"type-product","3":"status-publish","4":"has-post-thumbnail","6":"product_cat-salty-snacks","8":"first","9":"instock","10":"taxable","11":"shipping-taxable","12":"purchasable","13":"product-type-simple"},"_links":{"self":[{"href":"https:\/\/thesweetseria.com\/es\/wp-json\/wp\/v2\/product\/12729","targetHints":{"allow":["GET"]}}],"collection":[{"href":"https:\/\/thesweetseria.com\/es\/wp-json\/wp\/v2\/product"}],"about":[{"href":"https:\/\/thesweetseria.com\/es\/wp-json\/wp\/v2\/types\/product"}],"replies":[{"embeddable":true,"href":"https:\/\/thesweetseria.com\/es\/wp-json\/wp\/v2\/comments?post=12729"}],"wp:featuredmedia":[{"embeddable":true,"href":"https:\/\/thesweetseria.com\/es\/wp-json\/wp\/v2\/media\/12733"}],"wp:attachment":[{"href":"https:\/\/thesweetseria.com\/es\/wp-json\/wp\/v2\/media?parent=12729"}],"wp:term":[{"taxonomy":"product_cat","embeddable":true,"href":"https:\/\/thesweetseria.com\/es\/wp-json\/wp\/v2\/product_cat?post=12729"},{"taxonomy":"product_tag","embeddable":true,"href":"https:\/\/thesweetseria.com\/es\/wp-json\/wp\/v2\/product_tag?post=12729"}],"curies":[{"name":"wp","href":"https:\/\/api.w.org\/{rel}","templated":true}]}}