{"id":12405,"date":"2025-12-10T15:45:18","date_gmt":"2025-12-10T15:45:18","guid":{"rendered":"https:\/\/thesweetseria.com\/?post_type=product&#038;p=12405"},"modified":"2026-03-28T12:33:25","modified_gmt":"2026-03-28T12:33:25","slug":"china-lays-waves-bacon-flavor-70g","status":"publish","type":"product","link":"https:\/\/thesweetseria.com\/es\/producto\/china-lays-waves-bacon-flavor-70g\/","title":{"rendered":"China Lays Waves Bacon Flavor 70g"},"content":{"rendered":"","protected":false},"excerpt":{"rendered":"<p>Disfruta de la ex\u00f3tica mezcla de Lay's Bacon de China. Una delicia crujiente con sabor a bacon a la parrilla para una experiencia \u00fanica y satisfactoria. D\u00e9jate seducir por esta explosi\u00f3n de sabor.<\/p>","protected":false},"featured_media":12408,"comment_status":"open","ping_status":"closed","template":"","meta":{"nf_dc_page":"","inline_featured_image":false},"product_cat":[107],"product_tag":[],"class_list":{"0":"post-12405","1":"product","2":"type-product","3":"status-publish","4":"has-post-thumbnail","6":"product_cat-salty-snacks","8":"first","9":"instock","10":"taxable","11":"shipping-taxable","12":"purchasable","13":"product-type-simple"},"_links":{"self":[{"href":"https:\/\/thesweetseria.com\/es\/wp-json\/wp\/v2\/product\/12405","targetHints":{"allow":["GET"]}}],"collection":[{"href":"https:\/\/thesweetseria.com\/es\/wp-json\/wp\/v2\/product"}],"about":[{"href":"https:\/\/thesweetseria.com\/es\/wp-json\/wp\/v2\/types\/product"}],"replies":[{"embeddable":true,"href":"https:\/\/thesweetseria.com\/es\/wp-json\/wp\/v2\/comments?post=12405"}],"wp:featuredmedia":[{"embeddable":true,"href":"https:\/\/thesweetseria.com\/es\/wp-json\/wp\/v2\/media\/12408"}],"wp:attachment":[{"href":"https:\/\/thesweetseria.com\/es\/wp-json\/wp\/v2\/media?parent=12405"}],"wp:term":[{"taxonomy":"product_cat","embeddable":true,"href":"https:\/\/thesweetseria.com\/es\/wp-json\/wp\/v2\/product_cat?post=12405"},{"taxonomy":"product_tag","embeddable":true,"href":"https:\/\/thesweetseria.com\/es\/wp-json\/wp\/v2\/product_tag?post=12405"}],"curies":[{"name":"wp","href":"https:\/\/api.w.org\/{rel}","templated":true}]}}