{"id":12370,"date":"2025-10-15T17:01:56","date_gmt":"2025-10-15T17:01:56","guid":{"rendered":"https:\/\/thesweetseria.com\/?post_type=product&#038;p=12370"},"modified":"2026-02-14T12:45:36","modified_gmt":"2026-02-14T12:45:36","slug":"12370","status":"publish","type":"product","link":"https:\/\/thesweetseria.com\/es\/producto\/12370\/","title":{"rendered":"Pokemon Mega Inferno X Japanese Edition pack"},"content":{"rendered":"","protected":false},"excerpt":{"rendered":"<p>El eco de un poder olvidado resurge con la furia de una llama. En Inferno X, el fen\u00f3meno de la Megaevoluci\u00f3n, tras a\u00f1os en las sombras, regresa con una fuerza sin precedentes. En el coraz\u00f3n de unas ruinas antiguas, las megapiedras, que antes permanec\u00edan inactivas, vuelven a brillar, despertando leyendas formidables como MegaCharizard y muchas m\u00e1s.<\/p>\n<p>Pero esta luz renacida proyecta una nueva y oscura sombra. Ha surgido una misteriosa organizaci\u00f3n, decidida a capturar y someter este antiguo poder. No buscan el equilibrio, sino el control absoluto, desatando megaevoluciones corruptas y transformando a nobles criaturas en peligrosas armas de destrucci\u00f3n. El mundo se enfrenta a una amenaza sin precedentes, donde la l\u00ednea entre el poder y la corrupci\u00f3n es m\u00e1s delgada que nunca.<\/p>\n<p>Cada paquete contiene 5 cartas.<\/p>","protected":false},"featured_media":12377,"comment_status":"open","ping_status":"closed","template":"","meta":{"nf_dc_page":"","inline_featured_image":false},"product_cat":[118,120,117],"product_tag":[],"class_list":{"0":"post-12370","1":"product","2":"type-product","3":"status-publish","4":"has-post-thumbnail","6":"product_cat-losse-packs","7":"product_cat-pokemon","8":"product_cat-tcg","10":"first","11":"instock","12":"taxable","13":"shipping-taxable","14":"purchasable","15":"product-type-simple"},"_links":{"self":[{"href":"https:\/\/thesweetseria.com\/es\/wp-json\/wp\/v2\/product\/12370","targetHints":{"allow":["GET"]}}],"collection":[{"href":"https:\/\/thesweetseria.com\/es\/wp-json\/wp\/v2\/product"}],"about":[{"href":"https:\/\/thesweetseria.com\/es\/wp-json\/wp\/v2\/types\/product"}],"replies":[{"embeddable":true,"href":"https:\/\/thesweetseria.com\/es\/wp-json\/wp\/v2\/comments?post=12370"}],"wp:featuredmedia":[{"embeddable":true,"href":"https:\/\/thesweetseria.com\/es\/wp-json\/wp\/v2\/media\/12377"}],"wp:attachment":[{"href":"https:\/\/thesweetseria.com\/es\/wp-json\/wp\/v2\/media?parent=12370"}],"wp:term":[{"taxonomy":"product_cat","embeddable":true,"href":"https:\/\/thesweetseria.com\/es\/wp-json\/wp\/v2\/product_cat?post=12370"},{"taxonomy":"product_tag","embeddable":true,"href":"https:\/\/thesweetseria.com\/es\/wp-json\/wp\/v2\/product_tag?post=12370"}],"curies":[{"name":"wp","href":"https:\/\/api.w.org\/{rel}","templated":true}]}}