{"id":12345,"date":"2025-09-30T08:05:42","date_gmt":"2025-09-30T08:05:42","guid":{"rendered":"https:\/\/thesweetseria.com\/?post_type=product&#038;p=12345"},"modified":"2026-02-27T17:35:26","modified_gmt":"2026-02-27T17:35:26","slug":"vibrant-paldea-tin-pokemon-spanish","status":"publish","type":"product","link":"https:\/\/thesweetseria.com\/es\/producto\/vibrant-paldea-tin-pokemon-spanish\/","title":{"rendered":"Vibrant Paldea Tin Pokemon Spanish"},"content":{"rendered":"","protected":false},"excerpt":{"rendered":"<p>cada mini lata incluye 2 paquetes de refuerzo, que ayudan a elevar tu juego ofreciendo una variedad de nuevos Pok\u00e9mon y movimientos de juego.\nUna encantadora hoja de calcoman\u00edas tambi\u00e9n est\u00e1 empaquetada en cada lata para que puedas a\u00f1adir un toque de encanto de Pok\u00e9mon a tus art\u00edculos personales.\nUna caracter\u00edstica \u00fanica de estas latas es la inclusi\u00f3n de una tarjeta especial de arte Pok\u00e9mon. Cada tarjeta de arte muestra el arte de la mini lata correspondiente. Obtienes un art\u00edculo de coleccionista \u00fanico y la emoci\u00f3n de revelar una pieza de arte con cada lata que abras.<\/p>","protected":false},"featured_media":12347,"comment_status":"open","ping_status":"closed","template":"","meta":{"nf_dc_page":"","inline_featured_image":false},"product_cat":[120,117,126],"product_tag":[],"class_list":{"0":"post-12345","1":"product","2":"type-product","3":"status-publish","4":"has-post-thumbnail","6":"product_cat-pokemon","7":"product_cat-tcg","8":"product_cat-tins","10":"first","11":"instock","12":"taxable","13":"shipping-taxable","14":"purchasable","15":"product-type-simple"},"_links":{"self":[{"href":"https:\/\/thesweetseria.com\/es\/wp-json\/wp\/v2\/product\/12345","targetHints":{"allow":["GET"]}}],"collection":[{"href":"https:\/\/thesweetseria.com\/es\/wp-json\/wp\/v2\/product"}],"about":[{"href":"https:\/\/thesweetseria.com\/es\/wp-json\/wp\/v2\/types\/product"}],"replies":[{"embeddable":true,"href":"https:\/\/thesweetseria.com\/es\/wp-json\/wp\/v2\/comments?post=12345"}],"wp:featuredmedia":[{"embeddable":true,"href":"https:\/\/thesweetseria.com\/es\/wp-json\/wp\/v2\/media\/12347"}],"wp:attachment":[{"href":"https:\/\/thesweetseria.com\/es\/wp-json\/wp\/v2\/media?parent=12345"}],"wp:term":[{"taxonomy":"product_cat","embeddable":true,"href":"https:\/\/thesweetseria.com\/es\/wp-json\/wp\/v2\/product_cat?post=12345"},{"taxonomy":"product_tag","embeddable":true,"href":"https:\/\/thesweetseria.com\/es\/wp-json\/wp\/v2\/product_tag?post=12345"}],"curies":[{"name":"wp","href":"https:\/\/api.w.org\/{rel}","templated":true}]}}