{"id":12342,"date":"2025-09-30T08:04:09","date_gmt":"2025-09-30T08:04:09","guid":{"rendered":"https:\/\/thesweetseria.com\/?post_type=product&#038;p=12342"},"modified":"2026-02-27T17:35:36","modified_gmt":"2026-02-27T17:35:36","slug":"twilight-masquerade-ondulagua-tin-sv6-pokemon-spanish","status":"publish","type":"product","link":"https:\/\/thesweetseria.com\/es\/producto\/twilight-masquerade-ondulagua-tin-sv6-pokemon-spanish\/","title":{"rendered":"Twilight Masquerade Ondulagua Tin SV6 Pokemon Spanish"},"content":{"rendered":"","protected":false},"excerpt":{"rendered":"<p>La lata de cartas Pok\u00e9mon SV6 con Ondulagua EX contiene un total de cartas que se desglosan de la siguiente manera:\n\n1 carta promocional hologr\u00e1fica con Ondulagua ex.\n\n4 sobres de cartas Pok\u00e9mon TCG. Cada sobre contiene 10 cartas jugables + 1 carta de Energ\u00eda B\u00e1sica + 1 carta con un c\u00f3digo para jugar online.\n\n1 carta con un c\u00f3digo para el juego de cartas coleccionables Pok\u00e9mon Live.<\/p>","protected":false},"featured_media":12344,"comment_status":"open","ping_status":"closed","template":"","meta":{"nf_dc_page":"","inline_featured_image":false},"product_cat":[120,117,126],"product_tag":[],"class_list":{"0":"post-12342","1":"product","2":"type-product","3":"status-publish","4":"has-post-thumbnail","6":"product_cat-pokemon","7":"product_cat-tcg","8":"product_cat-tins","10":"first","11":"instock","12":"taxable","13":"shipping-taxable","14":"purchasable","15":"product-type-simple"},"_links":{"self":[{"href":"https:\/\/thesweetseria.com\/es\/wp-json\/wp\/v2\/product\/12342","targetHints":{"allow":["GET"]}}],"collection":[{"href":"https:\/\/thesweetseria.com\/es\/wp-json\/wp\/v2\/product"}],"about":[{"href":"https:\/\/thesweetseria.com\/es\/wp-json\/wp\/v2\/types\/product"}],"replies":[{"embeddable":true,"href":"https:\/\/thesweetseria.com\/es\/wp-json\/wp\/v2\/comments?post=12342"}],"wp:featuredmedia":[{"embeddable":true,"href":"https:\/\/thesweetseria.com\/es\/wp-json\/wp\/v2\/media\/12344"}],"wp:attachment":[{"href":"https:\/\/thesweetseria.com\/es\/wp-json\/wp\/v2\/media?parent=12342"}],"wp:term":[{"taxonomy":"product_cat","embeddable":true,"href":"https:\/\/thesweetseria.com\/es\/wp-json\/wp\/v2\/product_cat?post=12342"},{"taxonomy":"product_tag","embeddable":true,"href":"https:\/\/thesweetseria.com\/es\/wp-json\/wp\/v2\/product_tag?post=12342"}],"curies":[{"name":"wp","href":"https:\/\/api.w.org\/{rel}","templated":true}]}}