{"id":12333,"date":"2025-09-30T07:58:00","date_gmt":"2025-09-30T07:58:00","guid":{"rendered":"https:\/\/thesweetseria.com\/?post_type=product&#038;p=12333"},"modified":"2026-02-27T17:36:13","modified_gmt":"2026-02-27T17:36:13","slug":"slashing-legends-paldea-koraidon-ex-pokemon-spanish-card-tin","status":"publish","type":"product","link":"https:\/\/thesweetseria.com\/es\/producto\/slashing-legends-paldea-koraidon-ex-pokemon-spanish-card-tin\/","title":{"rendered":"Slashing Legends Paldea Koraidon Ex Pokemon Spanish Card Tin"},"content":{"rendered":"","protected":false},"excerpt":{"rendered":"<p>Slashing Legends Tin es una colecci\u00f3n especial del JCC Pok\u00e9mon que incluye cartas promocionales con Zacian ex y Koraidon ex, adem\u00e1s de sobres para reforzar tu baraja.\nLa lata Pok\u00e9mon TCG Slashing Legends Koraidon ex contiene:\n1 carta promocional hologr\u00e1fica con  o Koraidon ex.\n4 sobres de cartas Pok\u00e9mon TCG.\n1 carta con un c\u00f3digo para Pok\u00e9mon TCG Live.\nCada sobre de cartas Pok\u00e9mon TCG contiene 10 cartas m\u00e1s una Energ\u00eda B\u00e1sica o un marcador V-ASTRO.<\/p>\n<p>&nbsp;<\/p>","protected":false},"featured_media":12335,"comment_status":"open","ping_status":"closed","template":"","meta":{"nf_dc_page":"","inline_featured_image":false},"product_cat":[120,117,126],"product_tag":[],"class_list":{"0":"post-12333","1":"product","2":"type-product","3":"status-publish","4":"has-post-thumbnail","6":"product_cat-pokemon","7":"product_cat-tcg","8":"product_cat-tins","10":"first","11":"instock","12":"taxable","13":"shipping-taxable","14":"purchasable","15":"product-type-simple"},"_links":{"self":[{"href":"https:\/\/thesweetseria.com\/es\/wp-json\/wp\/v2\/product\/12333","targetHints":{"allow":["GET"]}}],"collection":[{"href":"https:\/\/thesweetseria.com\/es\/wp-json\/wp\/v2\/product"}],"about":[{"href":"https:\/\/thesweetseria.com\/es\/wp-json\/wp\/v2\/types\/product"}],"replies":[{"embeddable":true,"href":"https:\/\/thesweetseria.com\/es\/wp-json\/wp\/v2\/comments?post=12333"}],"wp:featuredmedia":[{"embeddable":true,"href":"https:\/\/thesweetseria.com\/es\/wp-json\/wp\/v2\/media\/12335"}],"wp:attachment":[{"href":"https:\/\/thesweetseria.com\/es\/wp-json\/wp\/v2\/media?parent=12333"}],"wp:term":[{"taxonomy":"product_cat","embeddable":true,"href":"https:\/\/thesweetseria.com\/es\/wp-json\/wp\/v2\/product_cat?post=12333"},{"taxonomy":"product_tag","embeddable":true,"href":"https:\/\/thesweetseria.com\/es\/wp-json\/wp\/v2\/product_tag?post=12333"}],"curies":[{"name":"wp","href":"https:\/\/api.w.org\/{rel}","templated":true}]}}