{"id":12326,"date":"2025-09-30T07:52:52","date_gmt":"2025-09-30T07:52:52","guid":{"rendered":"https:\/\/thesweetseria.com\/?post_type=product&#038;p=12326"},"modified":"2026-03-10T17:38:32","modified_gmt":"2026-03-10T17:38:32","slug":"silver-tempest-sword-and-shield-pokemon-pack-spanish","status":"publish","type":"product","link":"https:\/\/thesweetseria.com\/es\/producto\/silver-tempest-sword-and-shield-pokemon-pack-spanish\/","title":{"rendered":"Silver Tempest Sword and Shield Poke\u0301mon Pack Spanish"},"content":{"rendered":"","protected":false},"excerpt":{"rendered":"<p>Sum\u00e9rgete en la tormenta con la expansi\u00f3n Pok\u00e9mon TCG Espada y Escudo, Tempestad Plateada. Descubre incre\u00edbles cartas VSTAR, Pok\u00e9mon legendarios y cartas con ilustraciones alternativas que te ayudar\u00e1n a construir el mazo definitivo. Cada sobre contiene 10 cartas!<\/p>","protected":false},"featured_media":12329,"comment_status":"open","ping_status":"closed","template":"","meta":{"nf_dc_page":"","inline_featured_image":false},"product_cat":[118,120,117],"product_tag":[],"class_list":{"0":"post-12326","1":"product","2":"type-product","3":"status-publish","4":"has-post-thumbnail","6":"product_cat-losse-packs","7":"product_cat-pokemon","8":"product_cat-tcg","10":"first","11":"instock","12":"taxable","13":"shipping-taxable","14":"purchasable","15":"product-type-simple"},"_links":{"self":[{"href":"https:\/\/thesweetseria.com\/es\/wp-json\/wp\/v2\/product\/12326","targetHints":{"allow":["GET"]}}],"collection":[{"href":"https:\/\/thesweetseria.com\/es\/wp-json\/wp\/v2\/product"}],"about":[{"href":"https:\/\/thesweetseria.com\/es\/wp-json\/wp\/v2\/types\/product"}],"replies":[{"embeddable":true,"href":"https:\/\/thesweetseria.com\/es\/wp-json\/wp\/v2\/comments?post=12326"}],"wp:featuredmedia":[{"embeddable":true,"href":"https:\/\/thesweetseria.com\/es\/wp-json\/wp\/v2\/media\/12329"}],"wp:attachment":[{"href":"https:\/\/thesweetseria.com\/es\/wp-json\/wp\/v2\/media?parent=12326"}],"wp:term":[{"taxonomy":"product_cat","embeddable":true,"href":"https:\/\/thesweetseria.com\/es\/wp-json\/wp\/v2\/product_cat?post=12326"},{"taxonomy":"product_tag","embeddable":true,"href":"https:\/\/thesweetseria.com\/es\/wp-json\/wp\/v2\/product_tag?post=12326"}],"curies":[{"name":"wp","href":"https:\/\/api.w.org\/{rel}","templated":true}]}}