{"id":12323,"date":"2025-09-30T07:44:47","date_gmt":"2025-09-30T07:44:47","guid":{"rendered":"https:\/\/thesweetseria.com\/?post_type=product&#038;p=12323"},"modified":"2026-01-18T22:07:15","modified_gmt":"2026-01-18T22:07:15","slug":"scarlet-violet-astral-crown-cards-pokemon-pack-spanish","status":"publish","type":"product","link":"https:\/\/thesweetseria.com\/es\/producto\/scarlet-violet-astral-crown-cards-pokemon-pack-spanish\/","title":{"rendered":"Scarlet &#038; Violet Astral Crown Cards Pokemon Pack Spanish"},"content":{"rendered":"","protected":false},"excerpt":{"rendered":"<p>\u00a1Ad\u00e9ntrate en un mundo subterr\u00e1neo donde podr\u00e1s descubrir el verdadero potencial del fen\u00f3meno de la Terastalizaci\u00f3n! El legendario Pok\u00e9mon Terapagos se sienta en su trono, junto a Cinderace ex, Lapras ex y Galvantula ex, todos ellos con nuevos y brillantes poderes como Pok\u00e9mon ex Terastalizados Astrales. Mientras tanto, el reci\u00e9n descubierto Hydrapple ex toma el mando para llevar a muchos m\u00e1s Pok\u00e9mon ex a la batalla, mientras que las cartas TACTICAL ACE siguen revolucionando el juego en la expansi\u00f3n Pok\u00e9mon TCG: Scarlet &amp; Violet\u2014Astral Crown. \nEste paquete contiene 10 cartas. Scarlet &amp; Violet Astral Crown Cards Poke\u0301mon Pack Spanish<\/p>","protected":false},"featured_media":12325,"comment_status":"open","ping_status":"closed","template":"","meta":{"nf_dc_page":"","inline_featured_image":false},"product_cat":[118,120,117],"product_tag":[],"class_list":{"0":"post-12323","1":"product","2":"type-product","3":"status-publish","4":"has-post-thumbnail","6":"product_cat-losse-packs","7":"product_cat-pokemon","8":"product_cat-tcg","10":"first","11":"instock","12":"taxable","13":"shipping-taxable","14":"purchasable","15":"product-type-simple"},"_links":{"self":[{"href":"https:\/\/thesweetseria.com\/es\/wp-json\/wp\/v2\/product\/12323","targetHints":{"allow":["GET"]}}],"collection":[{"href":"https:\/\/thesweetseria.com\/es\/wp-json\/wp\/v2\/product"}],"about":[{"href":"https:\/\/thesweetseria.com\/es\/wp-json\/wp\/v2\/types\/product"}],"replies":[{"embeddable":true,"href":"https:\/\/thesweetseria.com\/es\/wp-json\/wp\/v2\/comments?post=12323"}],"wp:featuredmedia":[{"embeddable":true,"href":"https:\/\/thesweetseria.com\/es\/wp-json\/wp\/v2\/media\/12325"}],"wp:attachment":[{"href":"https:\/\/thesweetseria.com\/es\/wp-json\/wp\/v2\/media?parent=12323"}],"wp:term":[{"taxonomy":"product_cat","embeddable":true,"href":"https:\/\/thesweetseria.com\/es\/wp-json\/wp\/v2\/product_cat?post=12323"},{"taxonomy":"product_tag","embeddable":true,"href":"https:\/\/thesweetseria.com\/es\/wp-json\/wp\/v2\/product_tag?post=12323"}],"curies":[{"name":"wp","href":"https:\/\/api.w.org\/{rel}","templated":true}]}}