{"id":12320,"date":"2025-09-30T07:41:30","date_gmt":"2025-09-30T07:41:30","guid":{"rendered":"https:\/\/thesweetseria.com\/?post_type=product&#038;p=12320"},"modified":"2026-01-18T22:07:25","modified_gmt":"2026-01-18T22:07:25","slug":"mew-vmax-pokemon-collectible-card-game-deck-english","status":"publish","type":"product","link":"https:\/\/thesweetseria.com\/es\/producto\/mew-vmax-pokemon-collectible-card-game-deck-english\/","title":{"rendered":"Mew VMax Pokemon Collectible Card Game Deck English"},"content":{"rendered":"","protected":false},"excerpt":{"rendered":"<p>Caja de cartas coleccionables Pok\u00e9mon Mew VMax. Este conjunto de cartas coleccionables en ingl\u00e9s, con espectaculares ilustraciones, es imprescindible tanto para jugadores como para coleccionistas. Tanto si quieres competir en juegos de Pok\u00e9mon TCG como ampliar tu colecci\u00f3n, este mazo es un aut\u00e9ntico tesoro que no te puedes perder.\n\nEsta caja contiene:\n-2 cartas foil de Mew V\n-2 cartas foil de Mew Vmax\n-2 cartas foil de Genesect V\n-1 caja de cartas\n-2 monedas marcadoras de condici\u00f3n\n-6 dados contadores de da\u00f1o\n-1 dado para lanzar la moneda v\u00e1lido para competiciones legales\n-1 hoja de estrategia\n-1 carta con c\u00f3digo para el juego de cartas coleccionables Pok\u00e9mon Live. Mew VMax Poke\u0301mon collectible card game deck English<\/p>","protected":false},"featured_media":12322,"comment_status":"open","ping_status":"closed","template":"","meta":{"nf_dc_page":"","inline_featured_image":false},"product_cat":[118,120,117],"product_tag":[],"class_list":{"0":"post-12320","1":"product","2":"type-product","3":"status-publish","4":"has-post-thumbnail","6":"product_cat-losse-packs","7":"product_cat-pokemon","8":"product_cat-tcg","10":"first","11":"instock","12":"taxable","13":"shipping-taxable","14":"purchasable","15":"product-type-simple"},"_links":{"self":[{"href":"https:\/\/thesweetseria.com\/es\/wp-json\/wp\/v2\/product\/12320","targetHints":{"allow":["GET"]}}],"collection":[{"href":"https:\/\/thesweetseria.com\/es\/wp-json\/wp\/v2\/product"}],"about":[{"href":"https:\/\/thesweetseria.com\/es\/wp-json\/wp\/v2\/types\/product"}],"replies":[{"embeddable":true,"href":"https:\/\/thesweetseria.com\/es\/wp-json\/wp\/v2\/comments?post=12320"}],"wp:featuredmedia":[{"embeddable":true,"href":"https:\/\/thesweetseria.com\/es\/wp-json\/wp\/v2\/media\/12322"}],"wp:attachment":[{"href":"https:\/\/thesweetseria.com\/es\/wp-json\/wp\/v2\/media?parent=12320"}],"wp:term":[{"taxonomy":"product_cat","embeddable":true,"href":"https:\/\/thesweetseria.com\/es\/wp-json\/wp\/v2\/product_cat?post=12320"},{"taxonomy":"product_tag","embeddable":true,"href":"https:\/\/thesweetseria.com\/es\/wp-json\/wp\/v2\/product_tag?post=12320"}],"curies":[{"name":"wp","href":"https:\/\/api.w.org\/{rel}","templated":true}]}}