{"id":12311,"date":"2025-09-30T06:20:27","date_gmt":"2025-09-30T06:20:27","guid":{"rendered":"https:\/\/thesweetseria.com\/?post_type=product&#038;p=12311"},"modified":"2026-01-18T22:13:45","modified_gmt":"2026-01-18T22:13:45","slug":"combate-ex-kangaskhan-collectible-pokemon-card-game-deck-spanish","status":"publish","type":"product","link":"https:\/\/thesweetseria.com\/es\/producto\/combate-ex-kangaskhan-collectible-pokemon-card-game-deck-spanish\/","title":{"rendered":"Combate Ex Kangaskhan Collectible Pokemon Card Game Deck Spanish"},"content":{"rendered":"","protected":false},"excerpt":{"rendered":"<p>\u00a1Los poderosos Pok\u00e9mon ex est\u00e1n listos para entrar en combate en los nuevos mazos Pok\u00e9mon TCG: Battle ex! Cada mazo de 60 cartas est\u00e1 liderado por un Pok\u00e9mon ex excepcional e incluye todo lo necesario para empezar a jugar de inmediato. \u00a1Que comience la batalla! Cada baraja Pok\u00e9mon TCG Battle ex de Kangaskhan contiene: 1 baraja de 60 cartas lista para jugar. 3 cartas de referencia. 1 libro de reglas. 1 tapete de juego. 1 juego de contadores de da\u00f1o. 1 moneda grande. 1 caja para cartas. 1 hoja de estrategia. 1 carta con c\u00f3digo para Pok\u00e9mon Live Trading Card Game.<\/p>","protected":false},"featured_media":12313,"comment_status":"open","ping_status":"closed","template":"","meta":{"nf_dc_page":"","inline_featured_image":false},"product_cat":[118,120,117],"product_tag":[],"class_list":{"0":"post-12311","1":"product","2":"type-product","3":"status-publish","4":"has-post-thumbnail","6":"product_cat-losse-packs","7":"product_cat-pokemon","8":"product_cat-tcg","10":"first","11":"instock","12":"taxable","13":"shipping-taxable","14":"purchasable","15":"product-type-simple"},"_links":{"self":[{"href":"https:\/\/thesweetseria.com\/es\/wp-json\/wp\/v2\/product\/12311","targetHints":{"allow":["GET"]}}],"collection":[{"href":"https:\/\/thesweetseria.com\/es\/wp-json\/wp\/v2\/product"}],"about":[{"href":"https:\/\/thesweetseria.com\/es\/wp-json\/wp\/v2\/types\/product"}],"replies":[{"embeddable":true,"href":"https:\/\/thesweetseria.com\/es\/wp-json\/wp\/v2\/comments?post=12311"}],"wp:featuredmedia":[{"embeddable":true,"href":"https:\/\/thesweetseria.com\/es\/wp-json\/wp\/v2\/media\/12313"}],"wp:attachment":[{"href":"https:\/\/thesweetseria.com\/es\/wp-json\/wp\/v2\/media?parent=12311"}],"wp:term":[{"taxonomy":"product_cat","embeddable":true,"href":"https:\/\/thesweetseria.com\/es\/wp-json\/wp\/v2\/product_cat?post=12311"},{"taxonomy":"product_tag","embeddable":true,"href":"https:\/\/thesweetseria.com\/es\/wp-json\/wp\/v2\/product_tag?post=12311"}],"curies":[{"name":"wp","href":"https:\/\/api.w.org\/{rel}","templated":true}]}}