{"id":12305,"date":"2025-09-30T06:15:04","date_gmt":"2025-09-30T06:15:04","guid":{"rendered":"https:\/\/thesweetseria.com\/?post_type=product&#038;p=12305"},"modified":"2026-01-18T22:14:13","modified_gmt":"2026-01-18T22:14:13","slug":"blister-deck-palkia-vstar-league-battle-deck-pokemon-english","status":"publish","type":"product","link":"https:\/\/thesweetseria.com\/es\/producto\/blister-deck-palkia-vstar-league-battle-deck-pokemon-english\/","title":{"rendered":"Blister Deck Palkia Vstar League Battle Deck Pokemon English"},"content":{"rendered":"","protected":false},"excerpt":{"rendered":"<p>Incluye 1 mazo completo de 60 cartas jugable cargado con cartas de poder: 3 cartas de aluminio con Origin Forme Palkia V, 2 cartas de aluminio con Origin Forme Palkia VSTAR y 1 carta de aluminio con Greninja radiante.\n\nTambi\u00e9n recibir\u00e1s 1 caja de baraja, 2 marcadores de condici\u00f3n de monedas, 6 dados de contador de da\u00f1os y 1 troquel legal de competici\u00f3n, 1 marcador acr\u00edlico VSTAR, 1 hoja de estrategia y una tarjeta de c\u00f3digo para Pok\u00e9mon TCG Live.<\/p>","protected":false},"featured_media":12307,"comment_status":"open","ping_status":"closed","template":"","meta":{"nf_dc_page":"","inline_featured_image":false},"product_cat":[118,120,117],"product_tag":[],"class_list":{"0":"post-12305","1":"product","2":"type-product","3":"status-publish","4":"has-post-thumbnail","6":"product_cat-losse-packs","7":"product_cat-pokemon","8":"product_cat-tcg","10":"first","11":"instock","12":"taxable","13":"shipping-taxable","14":"purchasable","15":"product-type-simple"},"_links":{"self":[{"href":"https:\/\/thesweetseria.com\/es\/wp-json\/wp\/v2\/product\/12305","targetHints":{"allow":["GET"]}}],"collection":[{"href":"https:\/\/thesweetseria.com\/es\/wp-json\/wp\/v2\/product"}],"about":[{"href":"https:\/\/thesweetseria.com\/es\/wp-json\/wp\/v2\/types\/product"}],"replies":[{"embeddable":true,"href":"https:\/\/thesweetseria.com\/es\/wp-json\/wp\/v2\/comments?post=12305"}],"wp:featuredmedia":[{"embeddable":true,"href":"https:\/\/thesweetseria.com\/es\/wp-json\/wp\/v2\/media\/12307"}],"wp:attachment":[{"href":"https:\/\/thesweetseria.com\/es\/wp-json\/wp\/v2\/media?parent=12305"}],"wp:term":[{"taxonomy":"product_cat","embeddable":true,"href":"https:\/\/thesweetseria.com\/es\/wp-json\/wp\/v2\/product_cat?post=12305"},{"taxonomy":"product_tag","embeddable":true,"href":"https:\/\/thesweetseria.com\/es\/wp-json\/wp\/v2\/product_tag?post=12305"}],"curies":[{"name":"wp","href":"https:\/\/api.w.org\/{rel}","templated":true}]}}