{"id":12296,"date":"2025-09-30T05:57:40","date_gmt":"2025-09-30T05:57:40","guid":{"rendered":"https:\/\/thesweetseria.com\/?post_type=product&#038;p=12296"},"modified":"2026-01-15T17:06:45","modified_gmt":"2026-01-15T17:06:45","slug":"blister-deck-charizard-pokemon-spanish","status":"publish","type":"product","link":"https:\/\/thesweetseria.com\/es\/producto\/blister-deck-charizard-pokemon-spanish\/","title":{"rendered":"Blister Deck Charizard Pokemon Spanish"},"content":{"rendered":"","protected":false},"excerpt":{"rendered":"<p>Charizard ex calcinar\u00e1 la ventaja de tu rival recurriendo a la astuta potencia abrasadora de un Pok\u00e9mon de tipo Oscuro!\n\nHazlo evolucionar de Charmander y Charmeleon, utiliza la fuerza de su habilidad y ataca para lograr una rugiente remontada.\n\nEste bestial set llega con cinco sobres de mejora de Jcc Pok\u00e9mon y una carta de gran tama\u00f1o con efecto 3D del Pok\u00e9mon Llama, impresa con tecnolog\u00eda lenticular para que, con solo moverla \u00a1veas a Charizard ex lanz\u00e1ndose al ataque!<\/p>\n<p>La colecci\u00f3n especial Charizard ex de JCC Pok\u00e9mon contiene:\n-1 carta hologr\u00e1fica de promoci\u00f3n grabada en relieve de Charizard ex\n-2 Cartas hologr\u00e1ficas: Charmander y Charmeleon\n-5 Sobres de mejora de JCC Pok\u00e9mon\n-1 Carta lenticular de gran tama\u00f1o con efecto 3D\n-1 Carta con c\u00f3digo para JCC Pok\u00e9mon Live<\/p>","protected":false},"featured_media":12298,"comment_status":"open","ping_status":"closed","template":"","meta":{"nf_dc_page":"","inline_featured_image":false},"product_cat":[118,120,117],"product_tag":[],"class_list":{"0":"post-12296","1":"product","2":"type-product","3":"status-publish","4":"has-post-thumbnail","6":"product_cat-losse-packs","7":"product_cat-pokemon","8":"product_cat-tcg","10":"first","11":"instock","12":"taxable","13":"shipping-taxable","14":"purchasable","15":"product-type-simple"},"_links":{"self":[{"href":"https:\/\/thesweetseria.com\/es\/wp-json\/wp\/v2\/product\/12296","targetHints":{"allow":["GET"]}}],"collection":[{"href":"https:\/\/thesweetseria.com\/es\/wp-json\/wp\/v2\/product"}],"about":[{"href":"https:\/\/thesweetseria.com\/es\/wp-json\/wp\/v2\/types\/product"}],"replies":[{"embeddable":true,"href":"https:\/\/thesweetseria.com\/es\/wp-json\/wp\/v2\/comments?post=12296"}],"wp:featuredmedia":[{"embeddable":true,"href":"https:\/\/thesweetseria.com\/es\/wp-json\/wp\/v2\/media\/12298"}],"wp:attachment":[{"href":"https:\/\/thesweetseria.com\/es\/wp-json\/wp\/v2\/media?parent=12296"}],"wp:term":[{"taxonomy":"product_cat","embeddable":true,"href":"https:\/\/thesweetseria.com\/es\/wp-json\/wp\/v2\/product_cat?post=12296"},{"taxonomy":"product_tag","embeddable":true,"href":"https:\/\/thesweetseria.com\/es\/wp-json\/wp\/v2\/product_tag?post=12296"}],"curies":[{"name":"wp","href":"https:\/\/api.w.org\/{rel}","templated":true}]}}