{"id":12275,"date":"2025-09-24T06:13:31","date_gmt":"2025-09-24T06:13:31","guid":{"rendered":"https:\/\/thesweetseria.com\/?post_type=product&#038;p=12275"},"modified":"2026-01-28T12:12:53","modified_gmt":"2026-01-28T12:12:53","slug":"faygo-red-pop-can-355ml","status":"publish","type":"product","link":"https:\/\/thesweetseria.com\/es\/producto\/faygo-red-pop-can-355ml\/","title":{"rendered":"Faygo Red Pop Can 355ml"},"content":{"rendered":"","protected":false},"excerpt":{"rendered":"<p>Esta soda Big Red es una de las favoritas de los estadounidenses, descrita como similar a la soda de crema, pero con un sabor afrutado a vainilla, parecido al chicle. Big Red tambi\u00e9n est\u00e1 disponible en versi\u00f3n light y se vende en latas y botellas de diferentes tama\u00f1os.<\/p>","protected":false},"featured_media":12284,"comment_status":"open","ping_status":"closed","template":"","meta":{"nf_dc_page":"","inline_featured_image":false},"product_cat":[90],"product_tag":[],"class_list":{"0":"post-12275","1":"product","2":"type-product","3":"status-publish","4":"has-post-thumbnail","6":"product_cat-drinks","8":"first","9":"instock","10":"taxable","11":"shipping-taxable","12":"purchasable","13":"product-type-simple"},"_links":{"self":[{"href":"https:\/\/thesweetseria.com\/es\/wp-json\/wp\/v2\/product\/12275","targetHints":{"allow":["GET"]}}],"collection":[{"href":"https:\/\/thesweetseria.com\/es\/wp-json\/wp\/v2\/product"}],"about":[{"href":"https:\/\/thesweetseria.com\/es\/wp-json\/wp\/v2\/types\/product"}],"replies":[{"embeddable":true,"href":"https:\/\/thesweetseria.com\/es\/wp-json\/wp\/v2\/comments?post=12275"}],"wp:featuredmedia":[{"embeddable":true,"href":"https:\/\/thesweetseria.com\/es\/wp-json\/wp\/v2\/media\/12284"}],"wp:attachment":[{"href":"https:\/\/thesweetseria.com\/es\/wp-json\/wp\/v2\/media?parent=12275"}],"wp:term":[{"taxonomy":"product_cat","embeddable":true,"href":"https:\/\/thesweetseria.com\/es\/wp-json\/wp\/v2\/product_cat?post=12275"},{"taxonomy":"product_tag","embeddable":true,"href":"https:\/\/thesweetseria.com\/es\/wp-json\/wp\/v2\/product_tag?post=12275"}],"curies":[{"name":"wp","href":"https:\/\/api.w.org\/{rel}","templated":true}]}}