{"id":12273,"date":"2025-09-24T06:12:15","date_gmt":"2025-09-24T06:12:15","guid":{"rendered":"https:\/\/thesweetseria.com\/?post_type=product&#038;p=12273"},"modified":"2026-01-15T11:52:03","modified_gmt":"2026-01-15T11:52:03","slug":"pop-tarts-frosted-chocotastic-248g","status":"publish","type":"product","link":"https:\/\/thesweetseria.com\/es\/producto\/pop-tarts-frosted-chocotastic-248g\/","title":{"rendered":"Pop Tarts Frosted Chocotastic 248g"},"content":{"rendered":"","protected":false},"excerpt":{"rendered":"<p>El snack de reposter\u00eda Pop Tarts Frosted Chocotastic de Kellogg's est\u00e1 cubierto con glaseado de chocolate, virutas de colores y tiene un delicioso relleno de chocolate. Lleva el sabor contigo all\u00e1 donde vayas con los snacks de reposter\u00eda Pop-Tarts Chocotastic, una merienda f\u00e1cil y sabrosa. Pop Tarts frosted Chocotastic 348g<\/p>","protected":false},"featured_media":12283,"comment_status":"open","ping_status":"closed","template":"","meta":{"nf_dc_page":"","inline_featured_image":false},"product_cat":[15],"product_tag":[],"class_list":{"0":"post-12273","1":"product","2":"type-product","3":"status-publish","4":"has-post-thumbnail","6":"product_cat-chocolate","8":"first","9":"instock","10":"taxable","11":"shipping-taxable","12":"purchasable","13":"product-type-simple"},"_links":{"self":[{"href":"https:\/\/thesweetseria.com\/es\/wp-json\/wp\/v2\/product\/12273","targetHints":{"allow":["GET"]}}],"collection":[{"href":"https:\/\/thesweetseria.com\/es\/wp-json\/wp\/v2\/product"}],"about":[{"href":"https:\/\/thesweetseria.com\/es\/wp-json\/wp\/v2\/types\/product"}],"replies":[{"embeddable":true,"href":"https:\/\/thesweetseria.com\/es\/wp-json\/wp\/v2\/comments?post=12273"}],"wp:featuredmedia":[{"embeddable":true,"href":"https:\/\/thesweetseria.com\/es\/wp-json\/wp\/v2\/media\/12283"}],"wp:attachment":[{"href":"https:\/\/thesweetseria.com\/es\/wp-json\/wp\/v2\/media?parent=12273"}],"wp:term":[{"taxonomy":"product_cat","embeddable":true,"href":"https:\/\/thesweetseria.com\/es\/wp-json\/wp\/v2\/product_cat?post=12273"},{"taxonomy":"product_tag","embeddable":true,"href":"https:\/\/thesweetseria.com\/es\/wp-json\/wp\/v2\/product_tag?post=12273"}],"curies":[{"name":"wp","href":"https:\/\/api.w.org\/{rel}","templated":true}]}}