{"id":12271,"date":"2025-09-24T06:11:04","date_gmt":"2025-09-24T06:11:04","guid":{"rendered":"https:\/\/thesweetseria.com\/?post_type=product&#038;p=12271"},"modified":"2025-10-30T17:53:16","modified_gmt":"2025-10-30T17:53:16","slug":"ohana-punch-original-can-355ml","status":"publish","type":"product","link":"https:\/\/thesweetseria.com\/es\/producto\/ohana-punch-original-can-355ml\/","title":{"rendered":"Ohana Punch Original Can 355ml"},"content":{"rendered":"","protected":false},"excerpt":{"rendered":"<p>Ohana Punch Original, \u00a1una bebida tropical vibrante y refrescante que lleva los sabores de las islas directamente a tu vaso!\n\nOhana Punch Original es una deliciosa mezcla de frutas tropicales, rebosante de la esencia de sabores ex\u00f3ticos. Con cada sorbo, experimentar\u00e1s el dulce sabor \u00e1cido de la pi\u00f1a madura, la jugosa frescura de las naranjas y el toque tropical de los mangos y la fruta de la pasi\u00f3n. Esta deliciosa combinaci\u00f3n crea una sinfon\u00eda de sabores que es a la vez estimulante y satisfactoria.<\/p>","protected":false},"featured_media":12282,"comment_status":"open","ping_status":"closed","template":"","meta":{"nf_dc_page":"","inline_featured_image":false},"product_cat":[90],"product_tag":[],"class_list":{"0":"post-12271","1":"product","2":"type-product","3":"status-publish","4":"has-post-thumbnail","6":"product_cat-drinks","8":"first","9":"instock","10":"taxable","11":"shipping-taxable","12":"purchasable","13":"product-type-simple"},"_links":{"self":[{"href":"https:\/\/thesweetseria.com\/es\/wp-json\/wp\/v2\/product\/12271","targetHints":{"allow":["GET"]}}],"collection":[{"href":"https:\/\/thesweetseria.com\/es\/wp-json\/wp\/v2\/product"}],"about":[{"href":"https:\/\/thesweetseria.com\/es\/wp-json\/wp\/v2\/types\/product"}],"replies":[{"embeddable":true,"href":"https:\/\/thesweetseria.com\/es\/wp-json\/wp\/v2\/comments?post=12271"}],"wp:featuredmedia":[{"embeddable":true,"href":"https:\/\/thesweetseria.com\/es\/wp-json\/wp\/v2\/media\/12282"}],"wp:attachment":[{"href":"https:\/\/thesweetseria.com\/es\/wp-json\/wp\/v2\/media?parent=12271"}],"wp:term":[{"taxonomy":"product_cat","embeddable":true,"href":"https:\/\/thesweetseria.com\/es\/wp-json\/wp\/v2\/product_cat?post=12271"},{"taxonomy":"product_tag","embeddable":true,"href":"https:\/\/thesweetseria.com\/es\/wp-json\/wp\/v2\/product_tag?post=12271"}],"curies":[{"name":"wp","href":"https:\/\/api.w.org\/{rel}","templated":true}]}}