{"id":12267,"date":"2025-09-24T06:09:21","date_gmt":"2025-09-24T06:09:21","guid":{"rendered":"https:\/\/thesweetseria.com\/?post_type=product&#038;p=12267"},"modified":"2026-02-16T17:43:36","modified_gmt":"2026-02-16T17:43:36","slug":"hersheys-harry-potter-milk-chocolate-kisses-halloween-269g","status":"publish","type":"product","link":"https:\/\/thesweetseria.com\/es\/producto\/hersheys-harry-potter-milk-chocolate-kisses-halloween-269g\/","title":{"rendered":"HERSHEY&#8217;S HARRY POTTER MILK CHOCOLATE KISSES HALLOWEEN 269g"},"content":{"rendered":"","protected":false},"excerpt":{"rendered":"<p>Estos emblem\u00e1ticos Hershey's Kisses est\u00e1n envueltos en envoltorios especiales con motivos de Harry Potter, lo que los convierte en un delicioso capricho para los fans de la m\u00e1gica saga. Cada Hershey's Harry Potter Kiss es una obra maestra del tama\u00f1o de un bocado de cremoso chocolate con leche, que ofrece un momento de puro placer tan m\u00e1gico como un hechizo.<\/p>","protected":false},"featured_media":12280,"comment_status":"open","ping_status":"closed","template":"","meta":{"nf_dc_page":"","inline_featured_image":false},"product_cat":[15],"product_tag":[],"class_list":{"0":"post-12267","1":"product","2":"type-product","3":"status-publish","4":"has-post-thumbnail","6":"product_cat-chocolate","8":"first","9":"instock","10":"taxable","11":"shipping-taxable","12":"purchasable","13":"product-type-simple"},"_links":{"self":[{"href":"https:\/\/thesweetseria.com\/es\/wp-json\/wp\/v2\/product\/12267","targetHints":{"allow":["GET"]}}],"collection":[{"href":"https:\/\/thesweetseria.com\/es\/wp-json\/wp\/v2\/product"}],"about":[{"href":"https:\/\/thesweetseria.com\/es\/wp-json\/wp\/v2\/types\/product"}],"replies":[{"embeddable":true,"href":"https:\/\/thesweetseria.com\/es\/wp-json\/wp\/v2\/comments?post=12267"}],"wp:featuredmedia":[{"embeddable":true,"href":"https:\/\/thesweetseria.com\/es\/wp-json\/wp\/v2\/media\/12280"}],"wp:attachment":[{"href":"https:\/\/thesweetseria.com\/es\/wp-json\/wp\/v2\/media?parent=12267"}],"wp:term":[{"taxonomy":"product_cat","embeddable":true,"href":"https:\/\/thesweetseria.com\/es\/wp-json\/wp\/v2\/product_cat?post=12267"},{"taxonomy":"product_tag","embeddable":true,"href":"https:\/\/thesweetseria.com\/es\/wp-json\/wp\/v2\/product_tag?post=12267"}],"curies":[{"name":"wp","href":"https:\/\/api.w.org\/{rel}","templated":true}]}}