{"id":12264,"date":"2025-09-24T06:08:15","date_gmt":"2025-09-24T06:08:15","guid":{"rendered":"https:\/\/thesweetseria.com\/?post_type=product&#038;p=12264"},"modified":"2026-03-17T12:51:24","modified_gmt":"2026-03-17T12:51:24","slug":"faygo-moon-mist-can-355ml","status":"publish","type":"product","link":"https:\/\/thesweetseria.com\/es\/producto\/faygo-moon-mist-can-355ml\/","title":{"rendered":"Faygo Moon Mist Can 355ml"},"content":{"rendered":"","protected":false},"excerpt":{"rendered":"<p>Esta lata de refresco de 355 ml contiene una deliciosa combinaci\u00f3n de sabores c\u00edtricos y de bayas, creando una experiencia gustativa que sin duda te encantar\u00e1. Cada sorbo de esta refrescante bebida est\u00e1 repleto de un sabor intenso y afrutado, perfectamente equilibrado con el cl\u00e1sico sabor de Faygo.<\/p>","protected":false},"featured_media":12279,"comment_status":"open","ping_status":"closed","template":"","meta":{"nf_dc_page":"","inline_featured_image":false},"product_cat":[90],"product_tag":[],"class_list":{"0":"post-12264","1":"product","2":"type-product","3":"status-publish","4":"has-post-thumbnail","6":"product_cat-drinks","8":"first","9":"instock","10":"taxable","11":"shipping-taxable","12":"purchasable","13":"product-type-simple"},"_links":{"self":[{"href":"https:\/\/thesweetseria.com\/es\/wp-json\/wp\/v2\/product\/12264","targetHints":{"allow":["GET"]}}],"collection":[{"href":"https:\/\/thesweetseria.com\/es\/wp-json\/wp\/v2\/product"}],"about":[{"href":"https:\/\/thesweetseria.com\/es\/wp-json\/wp\/v2\/types\/product"}],"replies":[{"embeddable":true,"href":"https:\/\/thesweetseria.com\/es\/wp-json\/wp\/v2\/comments?post=12264"}],"wp:featuredmedia":[{"embeddable":true,"href":"https:\/\/thesweetseria.com\/es\/wp-json\/wp\/v2\/media\/12279"}],"wp:attachment":[{"href":"https:\/\/thesweetseria.com\/es\/wp-json\/wp\/v2\/media?parent=12264"}],"wp:term":[{"taxonomy":"product_cat","embeddable":true,"href":"https:\/\/thesweetseria.com\/es\/wp-json\/wp\/v2\/product_cat?post=12264"},{"taxonomy":"product_tag","embeddable":true,"href":"https:\/\/thesweetseria.com\/es\/wp-json\/wp\/v2\/product_tag?post=12264"}],"curies":[{"name":"wp","href":"https:\/\/api.w.org\/{rel}","templated":true}]}}