{"id":12262,"date":"2025-09-24T06:05:42","date_gmt":"2025-09-24T06:05:42","guid":{"rendered":"https:\/\/thesweetseria.com\/?post_type=product&#038;p=12262"},"modified":"2026-04-15T11:31:57","modified_gmt":"2026-04-15T11:31:57","slug":"faygo-firework-can-355ml","status":"publish","type":"product","link":"https:\/\/thesweetseria.com\/es\/producto\/faygo-firework-can-355ml\/","title":{"rendered":"Faygo Firework Can 355ml"},"content":{"rendered":"","protected":false},"excerpt":{"rendered":"<p>Sum\u00e9rgete en el sabor \u00fanico de Faygo Firework Flavor Soda, una fascinante mezcla de frambuesa azul, cereza y lima que promete una explosi\u00f3n de sabores refrescantes. Ideal para celebraciones o para disfrutar a diario. Fabricada en EE. UU. con az\u00facar real y sin edulcorantes artificiales, la soda Faygo Firework ofrece una experiencia de sabor aut\u00e9ntica. Tanto si est\u00e1s organizando una fiesta, relaj\u00e1ndote en casa o necesitas un descanso refrescante, la soda Faygo Firework Flavor es tu mejor opci\u00f3n para disfrutar de una bebida burbujeante y deliciosa. \u00a1Disfruta de la explosi\u00f3n de sabores con cada sorbo!<\/p>","protected":false},"featured_media":12278,"comment_status":"open","ping_status":"closed","template":"","meta":{"nf_dc_page":"","inline_featured_image":false},"product_cat":[90],"product_tag":[],"class_list":{"0":"post-12262","1":"product","2":"type-product","3":"status-publish","4":"has-post-thumbnail","6":"product_cat-drinks","8":"first","9":"instock","10":"taxable","11":"shipping-taxable","12":"purchasable","13":"product-type-simple"},"_links":{"self":[{"href":"https:\/\/thesweetseria.com\/es\/wp-json\/wp\/v2\/product\/12262","targetHints":{"allow":["GET"]}}],"collection":[{"href":"https:\/\/thesweetseria.com\/es\/wp-json\/wp\/v2\/product"}],"about":[{"href":"https:\/\/thesweetseria.com\/es\/wp-json\/wp\/v2\/types\/product"}],"replies":[{"embeddable":true,"href":"https:\/\/thesweetseria.com\/es\/wp-json\/wp\/v2\/comments?post=12262"}],"wp:featuredmedia":[{"embeddable":true,"href":"https:\/\/thesweetseria.com\/es\/wp-json\/wp\/v2\/media\/12278"}],"wp:attachment":[{"href":"https:\/\/thesweetseria.com\/es\/wp-json\/wp\/v2\/media?parent=12262"}],"wp:term":[{"taxonomy":"product_cat","embeddable":true,"href":"https:\/\/thesweetseria.com\/es\/wp-json\/wp\/v2\/product_cat?post=12262"},{"taxonomy":"product_tag","embeddable":true,"href":"https:\/\/thesweetseria.com\/es\/wp-json\/wp\/v2\/product_tag?post=12262"}],"curies":[{"name":"wp","href":"https:\/\/api.w.org\/{rel}","templated":true}]}}