{"id":12260,"date":"2025-09-24T06:04:13","date_gmt":"2025-09-24T06:04:13","guid":{"rendered":"https:\/\/thesweetseria.com\/?post_type=product&#038;p=12260"},"modified":"2026-03-24T12:25:03","modified_gmt":"2026-03-24T12:25:03","slug":"bubs-banana-toffee-90g","status":"publish","type":"product","link":"https:\/\/thesweetseria.com\/es\/producto\/bubs-banana-toffee-90g\/","title":{"rendered":"Bubs Banana Toffee 90g"},"content":{"rendered":"","protected":false},"excerpt":{"rendered":"<p>BUBS Goody Banana\/Toffee es un malvavisco suave y masticable que combina el dulce sabor del pl\u00e1tano y el intenso sabor del toffee. Este dulce vegano y sin gelatina est\u00e1 elaborado con az\u00facar de comercio justo, para que puedas disfrutarlo con la conciencia tranquila.<\/p>","protected":false},"featured_media":12277,"comment_status":"open","ping_status":"closed","template":"","meta":{"nf_dc_page":"","inline_featured_image":false},"product_cat":[108],"product_tag":[],"class_list":{"0":"post-12260","1":"product","2":"type-product","3":"status-publish","4":"has-post-thumbnail","6":"product_cat-candies","8":"first","9":"instock","10":"taxable","11":"shipping-taxable","12":"purchasable","13":"product-type-simple"},"_links":{"self":[{"href":"https:\/\/thesweetseria.com\/es\/wp-json\/wp\/v2\/product\/12260","targetHints":{"allow":["GET"]}}],"collection":[{"href":"https:\/\/thesweetseria.com\/es\/wp-json\/wp\/v2\/product"}],"about":[{"href":"https:\/\/thesweetseria.com\/es\/wp-json\/wp\/v2\/types\/product"}],"replies":[{"embeddable":true,"href":"https:\/\/thesweetseria.com\/es\/wp-json\/wp\/v2\/comments?post=12260"}],"wp:featuredmedia":[{"embeddable":true,"href":"https:\/\/thesweetseria.com\/es\/wp-json\/wp\/v2\/media\/12277"}],"wp:attachment":[{"href":"https:\/\/thesweetseria.com\/es\/wp-json\/wp\/v2\/media?parent=12260"}],"wp:term":[{"taxonomy":"product_cat","embeddable":true,"href":"https:\/\/thesweetseria.com\/es\/wp-json\/wp\/v2\/product_cat?post=12260"},{"taxonomy":"product_tag","embeddable":true,"href":"https:\/\/thesweetseria.com\/es\/wp-json\/wp\/v2\/product_tag?post=12260"}],"curies":[{"name":"wp","href":"https:\/\/api.w.org\/{rel}","templated":true}]}}