{"id":12252,"date":"2025-09-10T20:48:32","date_gmt":"2025-09-10T20:48:32","guid":{"rendered":"https:\/\/thesweetseria.com\/?post_type=product&#038;p=12252"},"modified":"2026-02-17T18:33:19","modified_gmt":"2026-02-17T18:33:19","slug":"johny-bee-candy-noodle-cup-65g","status":"publish","type":"product","link":"https:\/\/thesweetseria.com\/es\/producto\/johny-bee-candy-noodle-cup-65g\/","title":{"rendered":"Johny Bee Candy Noodle Cup 65g"},"content":{"rendered":"","protected":false},"excerpt":{"rendered":"<p>El Johny Bee Candy Noodle Cup es un divertido surtido de caramelos de inspiraci\u00f3n asi\u00e1tica que se asemeja a los fideos instant\u00e1neos y que suele contener fideos de goma, \u00abcondimentos\u00bb de caramelo efervescente y una \u00absalsa\u00bb de gelatina en un divertido envase. La versi\u00f3n de 65 g suele incluir una variedad de caramelos afrutados, como palitos de caramelo, y algunos productos incluyen mini palillos o pinzas para una experiencia aut\u00e9ntica. Es un producto sin gluten dise\u00f1ado para disfrutar de un dulce divertido, interactivo y masticable.<\/p>","protected":false},"featured_media":12253,"comment_status":"open","ping_status":"closed","template":"","meta":{"nf_dc_page":"","inline_featured_image":false},"product_cat":[108],"product_tag":[],"class_list":{"0":"post-12252","1":"product","2":"type-product","3":"status-publish","4":"has-post-thumbnail","6":"product_cat-candies","8":"first","9":"instock","10":"taxable","11":"shipping-taxable","12":"purchasable","13":"product-type-simple"},"_links":{"self":[{"href":"https:\/\/thesweetseria.com\/es\/wp-json\/wp\/v2\/product\/12252","targetHints":{"allow":["GET"]}}],"collection":[{"href":"https:\/\/thesweetseria.com\/es\/wp-json\/wp\/v2\/product"}],"about":[{"href":"https:\/\/thesweetseria.com\/es\/wp-json\/wp\/v2\/types\/product"}],"replies":[{"embeddable":true,"href":"https:\/\/thesweetseria.com\/es\/wp-json\/wp\/v2\/comments?post=12252"}],"wp:featuredmedia":[{"embeddable":true,"href":"https:\/\/thesweetseria.com\/es\/wp-json\/wp\/v2\/media\/12253"}],"wp:attachment":[{"href":"https:\/\/thesweetseria.com\/es\/wp-json\/wp\/v2\/media?parent=12252"}],"wp:term":[{"taxonomy":"product_cat","embeddable":true,"href":"https:\/\/thesweetseria.com\/es\/wp-json\/wp\/v2\/product_cat?post=12252"},{"taxonomy":"product_tag","embeddable":true,"href":"https:\/\/thesweetseria.com\/es\/wp-json\/wp\/v2\/product_tag?post=12252"}],"curies":[{"name":"wp","href":"https:\/\/api.w.org\/{rel}","templated":true}]}}