{"id":12248,"date":"2025-09-10T20:45:56","date_gmt":"2025-09-10T20:45:56","guid":{"rendered":"https:\/\/thesweetseria.com\/?post_type=product&#038;p=12248"},"modified":"2025-12-15T16:31:09","modified_gmt":"2025-12-15T16:31:09","slug":"brain-licker-drops-25ml","status":"publish","type":"product","link":"https:\/\/thesweetseria.com\/es\/producto\/brain-licker-drops-25ml\/","title":{"rendered":"Brain Licker Drops 25ml"},"content":{"rendered":"","protected":false},"excerpt":{"rendered":"<p>Descubre una nueva forma de disfrutar los sabores \u00e1cidos y deliciosos de Brain Licker con Brain Licker Drops. Cada tubo contiene un l\u00edquido con sabor a cereza, cola o frambuesa azul. Abre la parte superior y aprieta para disfrutar del sabor \u00e1cido.<\/p>","protected":false},"featured_media":12249,"comment_status":"open","ping_status":"closed","template":"","meta":{"nf_dc_page":"","inline_featured_image":false},"product_cat":[108],"product_tag":[],"class_list":{"0":"post-12248","1":"product","2":"type-product","3":"status-publish","4":"has-post-thumbnail","6":"product_cat-candies","8":"first","9":"instock","10":"taxable","11":"shipping-taxable","12":"purchasable","13":"product-type-simple"},"_links":{"self":[{"href":"https:\/\/thesweetseria.com\/es\/wp-json\/wp\/v2\/product\/12248","targetHints":{"allow":["GET"]}}],"collection":[{"href":"https:\/\/thesweetseria.com\/es\/wp-json\/wp\/v2\/product"}],"about":[{"href":"https:\/\/thesweetseria.com\/es\/wp-json\/wp\/v2\/types\/product"}],"replies":[{"embeddable":true,"href":"https:\/\/thesweetseria.com\/es\/wp-json\/wp\/v2\/comments?post=12248"}],"wp:featuredmedia":[{"embeddable":true,"href":"https:\/\/thesweetseria.com\/es\/wp-json\/wp\/v2\/media\/12249"}],"wp:attachment":[{"href":"https:\/\/thesweetseria.com\/es\/wp-json\/wp\/v2\/media?parent=12248"}],"wp:term":[{"taxonomy":"product_cat","embeddable":true,"href":"https:\/\/thesweetseria.com\/es\/wp-json\/wp\/v2\/product_cat?post=12248"},{"taxonomy":"product_tag","embeddable":true,"href":"https:\/\/thesweetseria.com\/es\/wp-json\/wp\/v2\/product_tag?post=12248"}],"curies":[{"name":"wp","href":"https:\/\/api.w.org\/{rel}","templated":true}]}}