{"id":12220,"date":"2025-09-01T18:46:49","date_gmt":"2025-09-01T18:46:49","guid":{"rendered":"https:\/\/thesweetseria.com\/?post_type=product&#038;p=12220"},"modified":"2025-10-06T22:20:24","modified_gmt":"2025-10-06T22:20:24","slug":"buldak-hot-chicken-habanero-lime-favor-ramen-140g","status":"publish","type":"product","link":"https:\/\/thesweetseria.com\/es\/producto\/buldak-hot-chicken-habanero-lime-favor-ramen-140g\/","title":{"rendered":"Buldak Hot Chicken Habanero Lime Favor Ramen 140g"},"content":{"rendered":"","protected":false},"excerpt":{"rendered":"<p>Los fideos est\u00e1n impregnados del intenso picante de los chiles habaneros, lo que provoca una sensaci\u00f3n de cosquilleo en la lengua con cada bocado. La adici\u00f3n de lima refrescante aporta una nota \u00e1cida y c\u00edtrica que equilibra el picante, creando un perfil de sabor armonioso.<\/p>","protected":false},"featured_media":12234,"comment_status":"open","ping_status":"closed","template":"","meta":{"nf_dc_page":"","inline_featured_image":false},"product_cat":[107],"product_tag":[],"class_list":{"0":"post-12220","1":"product","2":"type-product","3":"status-publish","4":"has-post-thumbnail","6":"product_cat-salty-snacks","8":"first","9":"instock","10":"taxable","11":"shipping-taxable","12":"purchasable","13":"product-type-simple"},"_links":{"self":[{"href":"https:\/\/thesweetseria.com\/es\/wp-json\/wp\/v2\/product\/12220","targetHints":{"allow":["GET"]}}],"collection":[{"href":"https:\/\/thesweetseria.com\/es\/wp-json\/wp\/v2\/product"}],"about":[{"href":"https:\/\/thesweetseria.com\/es\/wp-json\/wp\/v2\/types\/product"}],"replies":[{"embeddable":true,"href":"https:\/\/thesweetseria.com\/es\/wp-json\/wp\/v2\/comments?post=12220"}],"wp:featuredmedia":[{"embeddable":true,"href":"https:\/\/thesweetseria.com\/es\/wp-json\/wp\/v2\/media\/12234"}],"wp:attachment":[{"href":"https:\/\/thesweetseria.com\/es\/wp-json\/wp\/v2\/media?parent=12220"}],"wp:term":[{"taxonomy":"product_cat","embeddable":true,"href":"https:\/\/thesweetseria.com\/es\/wp-json\/wp\/v2\/product_cat?post=12220"},{"taxonomy":"product_tag","embeddable":true,"href":"https:\/\/thesweetseria.com\/es\/wp-json\/wp\/v2\/product_tag?post=12220"}],"curies":[{"name":"wp","href":"https:\/\/api.w.org\/{rel}","templated":true}]}}