{"id":12209,"date":"2025-08-29T09:35:29","date_gmt":"2025-08-29T09:35:29","guid":{"rendered":"https:\/\/thesweetseria.com\/?post_type=product&#038;p=12209"},"modified":"2026-03-17T12:52:10","modified_gmt":"2026-03-17T12:52:10","slug":"maze-popcorn-jalapeno-cheddar-240g","status":"publish","type":"product","link":"https:\/\/thesweetseria.com\/es\/producto\/maze-popcorn-jalapeno-cheddar-240g\/","title":{"rendered":"MAZE POPCORN JALAPENO CHEDDAR 240g"},"content":{"rendered":"","protected":false},"excerpt":{"rendered":"<p>MAZE Popcorn Cheesy Jalape\u00f1o es el aperitivo perfecto para los amantes del queso y las especias. Las palomitas ligeras est\u00e1n recubiertas de una cremosa capa de queso cheddar con un toque picante de jalape\u00f1o, lo que les da un sabor c\u00e1lido pero equilibrado. Perfectas para noches de cine, fiestas o cuando simplemente te apetece darte un capricho con algo extra sabroso.<\/p>","protected":false},"featured_media":12225,"comment_status":"open","ping_status":"closed","template":"","meta":{"nf_dc_page":"","inline_featured_image":false},"product_cat":[107],"product_tag":[],"class_list":{"0":"post-12209","1":"product","2":"type-product","3":"status-publish","4":"has-post-thumbnail","6":"product_cat-salty-snacks","8":"first","9":"instock","10":"taxable","11":"shipping-taxable","12":"purchasable","13":"product-type-simple"},"_links":{"self":[{"href":"https:\/\/thesweetseria.com\/es\/wp-json\/wp\/v2\/product\/12209","targetHints":{"allow":["GET"]}}],"collection":[{"href":"https:\/\/thesweetseria.com\/es\/wp-json\/wp\/v2\/product"}],"about":[{"href":"https:\/\/thesweetseria.com\/es\/wp-json\/wp\/v2\/types\/product"}],"replies":[{"embeddable":true,"href":"https:\/\/thesweetseria.com\/es\/wp-json\/wp\/v2\/comments?post=12209"}],"wp:featuredmedia":[{"embeddable":true,"href":"https:\/\/thesweetseria.com\/es\/wp-json\/wp\/v2\/media\/12225"}],"wp:attachment":[{"href":"https:\/\/thesweetseria.com\/es\/wp-json\/wp\/v2\/media?parent=12209"}],"wp:term":[{"taxonomy":"product_cat","embeddable":true,"href":"https:\/\/thesweetseria.com\/es\/wp-json\/wp\/v2\/product_cat?post=12209"},{"taxonomy":"product_tag","embeddable":true,"href":"https:\/\/thesweetseria.com\/es\/wp-json\/wp\/v2\/product_tag?post=12209"}],"curies":[{"name":"wp","href":"https:\/\/api.w.org\/{rel}","templated":true}]}}